{"id":1316,"date":"2022-11-22T10:28:01","date_gmt":"2022-11-22T08:28:01","guid":{"rendered":"https:\/\/www.nefit-industrial.nl\/arbeiten-bei-uns\/"},"modified":"2022-11-25T10:29:10","modified_gmt":"2022-11-25T10:29:10","slug":"arbeiten-bei-uns","status":"publish","type":"page","link":"https:\/\/www.nefit-industrial.nl\/de\/arbeiten-bei-uns\/","title":{"rendered":"Arbeiten bei uns"},"content":{"rendered":"\n\n\t<section class=\"section\" id=\"section_2023506968\">\n\t\t<div class=\"section-bg fill\" >\n\t\t\t\t\t\t\t\t\t\n\t\t\t\n\n\t\t<\/div>\n\n\t\t\n\n\t\t<div class=\"section-content relative\">\n\t\t\t\n\n<div class=\"row\"  id=\"row-1853324462\">\n\n\n\t<div id=\"col-869312042\" class=\"col small-12 large-12\"  >\n\t\t\t\t<div class=\"col-inner\"  >\n\t\t\t\n\t\t\t\n\n\t<div id=\"gap-853871662\" class=\"gap-element clearfix\" style=\"display:block; height:auto;\">\n\t\t\n<style>\n#gap-853871662 {\n  padding-top: 30px;\n}\n<\/style>\n\t<\/div>\n\t\n\n<h2 style=\"text-align: center; color:#cb3c00\"><strong>IHR PARTNER F\u00dcR GEGOSSENE UND MONTIERTE PRODUKTE<\/strong><\/h2>\n\n\n\t\t<\/div>\n\t\t\t\t\t<\/div>\n\n\t\n\n<\/div>\n\n\t\t<\/div>\n\n\t\t\n<style>\n#section_2023506968 {\n  padding-top: 0px;\n  padding-bottom: 0px;\n}\n<\/style>\n\t<\/section>\n\t\n\n\n\t<section class=\"section\" id=\"section_519468852\">\n\t\t<div class=\"section-bg fill\" >\n\t\t\t\t\t\t\t\t\t\n\t\t\t\n\n\t\t<\/div>\n\n\t\t\n\n\t\t<div class=\"section-content relative\">\n\t\t\t\n\n<div class=\"row\"  id=\"row-1148362882\">\n\n\n\t<div id=\"col-935835769\" class=\"col small-12 large-12\"  >\n\t\t\t\t<div class=\"col-inner\"  >\n\t\t\t\n\t\t\t\n\n<div class=\"container section-title-container\" ><h1 class=\"section-title section-title-normal\"><b><\/b><span class=\"section-title-main\" >ARBEITEN BEI UNS<\/span><b><\/b><\/h1><\/div>\n\n<p>Unsere fast 200 Mitarbeiter setzen sich jeder Tag v\u00f6llig ein um die Kundenw\u00fcnschen zu erf\u00fcllen. Wir finden das Wohlbefinden unserer Mitarbeiter sehr wichtig und leben unser Sicherheitssystem sorgf\u00e4ltig nach, um eine gesunde und sichere Arbeitsstelle zu gew\u00e4hrleisten.<\/p>\n<div>\n<p><strong>Offene Stellen<\/strong><br><br>Momentan haben wir kein offene Stellen<br><strong><br><\/strong><\/p>\n<h3><strong>Anerkannter Lehrbetrieb<\/strong><\/h3>\n<p><img loading=\"lazy\" decoding=\"async\" class=\"alignnone wp-image-1129\" src=\"http:\/\/www.nefit-industrial.nl\/wp-content\/uploads\/2022\/11\/sbb-beeldmerk-300x300.png\" alt=\"\" width=\"211\" height=\"211\" srcset=\"https:\/\/www.nefit-industrial.nl\/wp-content\/uploads\/2022\/11\/sbb-beeldmerk-300x300.png 300w, https:\/\/www.nefit-industrial.nl\/wp-content\/uploads\/2022\/11\/sbb-beeldmerk-150x150.png 150w, https:\/\/www.nefit-industrial.nl\/wp-content\/uploads\/2022\/11\/sbb-beeldmerk.png 600w\" sizes=\"auto, (max-width: 211px) 100vw, 211px\" \/><\/p>\nNefit Industrial ist ein SBB anerkannten Lehrbetrieb.<br><a href=\"http:\/\/www.nefit-industrial.nl\/wp-content\/uploads\/2022\/11\/SBB_erkend-leerbedrijf.pdf\" data-wplink-url-error=\"true\">Zertifikat \u201cerkend leerbedrijf SBB\u201d<\/a><\/div>\n\n\t\t<\/div>\n\t\t\t\t\t<\/div>\n\n\t\n\n<\/div>\n\n\t\t<\/div>\n\n\t\t\n<style>\n#section_519468852 {\n  padding-top: 0px;\n  padding-bottom: 0px;\n}\n<\/style>\n\t<\/section>\n\t\n\n","protected":false},"excerpt":{"rendered":"","protected":false},"author":1,"featured_media":0,"parent":0,"menu_order":0,"comment_status":"closed","ping_status":"closed","template":"page-blank.php","meta":{"footnotes":""},"class_list":["post-1316","page","type-page","status-publish","hentry"],"yoast_head":"<!-- This site is optimized with the Yoast SEO plugin v27.4 - https:\/\/yoast.com\/product\/yoast-seo-wordpress\/ -->\n<title>Nefit Industrial B.V. - Arbeiten bei uns<\/title>\n<meta name=\"robots\" content=\"index, follow, max-snippet:-1, max-image-preview:large, max-video-preview:-1\" \/>\n<link rel=\"canonical\" href=\"https:\/\/www.nefit-industrial.nl\/de\/arbeiten-bei-uns\/\" \/>\n<meta property=\"og:locale\" content=\"de_DE\" \/>\n<meta property=\"og:type\" content=\"article\" \/>\n<meta property=\"og:title\" content=\"Nefit Industrial B.V. - Arbeiten bei uns\" \/>\n<meta property=\"og:url\" content=\"https:\/\/www.nefit-industrial.nl\/de\/arbeiten-bei-uns\/\" \/>\n<meta property=\"og:site_name\" content=\"Nefit Industrial B.V.\" \/>\n<meta property=\"article:modified_time\" content=\"2022-11-25T10:29:10+00:00\" \/>\n<meta property=\"og:image\" content=\"http:\/\/www.nefit-industrial.nl\/wp-content\/uploads\/2022\/11\/sbb-beeldmerk-300x300.png\" \/>\n<meta name=\"twitter:card\" content=\"summary_large_image\" \/>\n<script type=\"application\/ld+json\" class=\"yoast-schema-graph\">{\"@context\":\"https:\\\/\\\/schema.org\",\"@graph\":[{\"@type\":\"WebPage\",\"@id\":\"https:\\\/\\\/www.nefit-industrial.nl\\\/de\\\/arbeiten-bei-uns\\\/\",\"url\":\"https:\\\/\\\/www.nefit-industrial.nl\\\/de\\\/arbeiten-bei-uns\\\/\",\"name\":\"Nefit Industrial B.V. - Arbeiten bei uns\",\"isPartOf\":{\"@id\":\"https:\\\/\\\/www.nefit-industrial.nl\\\/#website\"},\"primaryImageOfPage\":{\"@id\":\"https:\\\/\\\/www.nefit-industrial.nl\\\/de\\\/arbeiten-bei-uns\\\/#primaryimage\"},\"image\":{\"@id\":\"https:\\\/\\\/www.nefit-industrial.nl\\\/de\\\/arbeiten-bei-uns\\\/#primaryimage\"},\"thumbnailUrl\":\"http:\\\/\\\/www.nefit-industrial.nl\\\/wp-content\\\/uploads\\\/2022\\\/11\\\/sbb-beeldmerk-300x300.png\",\"datePublished\":\"2022-11-22T08:28:01+00:00\",\"dateModified\":\"2022-11-25T10:29:10+00:00\",\"breadcrumb\":{\"@id\":\"https:\\\/\\\/www.nefit-industrial.nl\\\/de\\\/arbeiten-bei-uns\\\/#breadcrumb\"},\"inLanguage\":\"de\",\"potentialAction\":[{\"@type\":\"ReadAction\",\"target\":[\"https:\\\/\\\/www.nefit-industrial.nl\\\/de\\\/arbeiten-bei-uns\\\/\"]}]},{\"@type\":\"ImageObject\",\"inLanguage\":\"de\",\"@id\":\"https:\\\/\\\/www.nefit-industrial.nl\\\/de\\\/arbeiten-bei-uns\\\/#primaryimage\",\"url\":\"http:\\\/\\\/www.nefit-industrial.nl\\\/wp-content\\\/uploads\\\/2022\\\/11\\\/sbb-beeldmerk-300x300.png\",\"contentUrl\":\"http:\\\/\\\/www.nefit-industrial.nl\\\/wp-content\\\/uploads\\\/2022\\\/11\\\/sbb-beeldmerk-300x300.png\"},{\"@type\":\"BreadcrumbList\",\"@id\":\"https:\\\/\\\/www.nefit-industrial.nl\\\/de\\\/arbeiten-bei-uns\\\/#breadcrumb\",\"itemListElement\":[{\"@type\":\"ListItem\",\"position\":1,\"name\":\"Home\",\"item\":\"https:\\\/\\\/www.nefit-industrial.nl\\\/de\\\/\"},{\"@type\":\"ListItem\",\"position\":2,\"name\":\"Arbeiten bei uns\"}]},{\"@type\":\"WebSite\",\"@id\":\"https:\\\/\\\/www.nefit-industrial.nl\\\/#website\",\"url\":\"https:\\\/\\\/www.nefit-industrial.nl\\\/\",\"name\":\"Nefit Industrial B.V.\",\"description\":\"\",\"publisher\":{\"@id\":\"https:\\\/\\\/www.nefit-industrial.nl\\\/#organization\"},\"potentialAction\":[{\"@type\":\"SearchAction\",\"target\":{\"@type\":\"EntryPoint\",\"urlTemplate\":\"https:\\\/\\\/www.nefit-industrial.nl\\\/?s={search_term_string}\"},\"query-input\":{\"@type\":\"PropertyValueSpecification\",\"valueRequired\":true,\"valueName\":\"search_term_string\"}}],\"inLanguage\":\"de\"},{\"@type\":\"Organization\",\"@id\":\"https:\\\/\\\/www.nefit-industrial.nl\\\/#organization\",\"name\":\"Nefit Industrial B.V.\",\"url\":\"https:\\\/\\\/www.nefit-industrial.nl\\\/\",\"logo\":{\"@type\":\"ImageObject\",\"inLanguage\":\"de\",\"@id\":\"https:\\\/\\\/www.nefit-industrial.nl\\\/#\\\/schema\\\/logo\\\/image\\\/\",\"url\":\"http:\\\/\\\/www.nefit-industrial.nl\\\/wp-content\\\/uploads\\\/2022\\\/11\\\/logo.png\",\"contentUrl\":\"http:\\\/\\\/www.nefit-industrial.nl\\\/wp-content\\\/uploads\\\/2022\\\/11\\\/logo.png\",\"width\":350,\"height\":60,\"caption\":\"Nefit Industrial B.V.\"},\"image\":{\"@id\":\"https:\\\/\\\/www.nefit-industrial.nl\\\/#\\\/schema\\\/logo\\\/image\\\/\"}}]}<\/script>\n<!-- \/ Yoast SEO plugin. -->","yoast_head_json":{"title":"Nefit Industrial B.V. - Arbeiten bei uns","robots":{"index":"index","follow":"follow","max-snippet":"max-snippet:-1","max-image-preview":"max-image-preview:large","max-video-preview":"max-video-preview:-1"},"canonical":"https:\/\/www.nefit-industrial.nl\/de\/arbeiten-bei-uns\/","og_locale":"de_DE","og_type":"article","og_title":"Nefit Industrial B.V. - Arbeiten bei uns","og_url":"https:\/\/www.nefit-industrial.nl\/de\/arbeiten-bei-uns\/","og_site_name":"Nefit Industrial B.V.","article_modified_time":"2022-11-25T10:29:10+00:00","og_image":[{"url":"http:\/\/www.nefit-industrial.nl\/wp-content\/uploads\/2022\/11\/sbb-beeldmerk-300x300.png","type":"","width":"","height":""}],"twitter_card":"summary_large_image","schema":{"@context":"https:\/\/schema.org","@graph":[{"@type":"WebPage","@id":"https:\/\/www.nefit-industrial.nl\/de\/arbeiten-bei-uns\/","url":"https:\/\/www.nefit-industrial.nl\/de\/arbeiten-bei-uns\/","name":"Nefit Industrial B.V. - Arbeiten bei uns","isPartOf":{"@id":"https:\/\/www.nefit-industrial.nl\/#website"},"primaryImageOfPage":{"@id":"https:\/\/www.nefit-industrial.nl\/de\/arbeiten-bei-uns\/#primaryimage"},"image":{"@id":"https:\/\/www.nefit-industrial.nl\/de\/arbeiten-bei-uns\/#primaryimage"},"thumbnailUrl":"http:\/\/www.nefit-industrial.nl\/wp-content\/uploads\/2022\/11\/sbb-beeldmerk-300x300.png","datePublished":"2022-11-22T08:28:01+00:00","dateModified":"2022-11-25T10:29:10+00:00","breadcrumb":{"@id":"https:\/\/www.nefit-industrial.nl\/de\/arbeiten-bei-uns\/#breadcrumb"},"inLanguage":"de","potentialAction":[{"@type":"ReadAction","target":["https:\/\/www.nefit-industrial.nl\/de\/arbeiten-bei-uns\/"]}]},{"@type":"ImageObject","inLanguage":"de","@id":"https:\/\/www.nefit-industrial.nl\/de\/arbeiten-bei-uns\/#primaryimage","url":"http:\/\/www.nefit-industrial.nl\/wp-content\/uploads\/2022\/11\/sbb-beeldmerk-300x300.png","contentUrl":"http:\/\/www.nefit-industrial.nl\/wp-content\/uploads\/2022\/11\/sbb-beeldmerk-300x300.png"},{"@type":"BreadcrumbList","@id":"https:\/\/www.nefit-industrial.nl\/de\/arbeiten-bei-uns\/#breadcrumb","itemListElement":[{"@type":"ListItem","position":1,"name":"Home","item":"https:\/\/www.nefit-industrial.nl\/de\/"},{"@type":"ListItem","position":2,"name":"Arbeiten bei uns"}]},{"@type":"WebSite","@id":"https:\/\/www.nefit-industrial.nl\/#website","url":"https:\/\/www.nefit-industrial.nl\/","name":"Nefit Industrial B.V.","description":"","publisher":{"@id":"https:\/\/www.nefit-industrial.nl\/#organization"},"potentialAction":[{"@type":"SearchAction","target":{"@type":"EntryPoint","urlTemplate":"https:\/\/www.nefit-industrial.nl\/?s={search_term_string}"},"query-input":{"@type":"PropertyValueSpecification","valueRequired":true,"valueName":"search_term_string"}}],"inLanguage":"de"},{"@type":"Organization","@id":"https:\/\/www.nefit-industrial.nl\/#organization","name":"Nefit Industrial B.V.","url":"https:\/\/www.nefit-industrial.nl\/","logo":{"@type":"ImageObject","inLanguage":"de","@id":"https:\/\/www.nefit-industrial.nl\/#\/schema\/logo\/image\/","url":"http:\/\/www.nefit-industrial.nl\/wp-content\/uploads\/2022\/11\/logo.png","contentUrl":"http:\/\/www.nefit-industrial.nl\/wp-content\/uploads\/2022\/11\/logo.png","width":350,"height":60,"caption":"Nefit Industrial B.V."},"image":{"@id":"https:\/\/www.nefit-industrial.nl\/#\/schema\/logo\/image\/"}}]}},"_links":{"self":[{"href":"https:\/\/www.nefit-industrial.nl\/de\/wp-json\/wp\/v2\/pages\/1316","targetHints":{"allow":["GET"]}}],"collection":[{"href":"https:\/\/www.nefit-industrial.nl\/de\/wp-json\/wp\/v2\/pages"}],"about":[{"href":"https:\/\/www.nefit-industrial.nl\/de\/wp-json\/wp\/v2\/types\/page"}],"author":[{"embeddable":true,"href":"https:\/\/www.nefit-industrial.nl\/de\/wp-json\/wp\/v2\/users\/1"}],"replies":[{"embeddable":true,"href":"https:\/\/www.nefit-industrial.nl\/de\/wp-json\/wp\/v2\/comments?post=1316"}],"version-history":[{"count":1,"href":"https:\/\/www.nefit-industrial.nl\/de\/wp-json\/wp\/v2\/pages\/1316\/revisions"}],"predecessor-version":[{"id":1317,"href":"https:\/\/www.nefit-industrial.nl\/de\/wp-json\/wp\/v2\/pages\/1316\/revisions\/1317"}],"wp:attachment":[{"href":"https:\/\/www.nefit-industrial.nl\/de\/wp-json\/wp\/v2\/media?parent=1316"}],"curies":[{"name":"wp","href":"https:\/\/api.w.org\/{rel}","templated":true}]}}