{"id":1303,"date":"2022-11-22T10:18:46","date_gmt":"2022-11-22T10:18:46","guid":{"rendered":"https:\/\/www.nefit-industrial.nl\/geschichte\/"},"modified":"2022-11-25T09:55:23","modified_gmt":"2022-11-25T09:55:23","slug":"geschichte","status":"publish","type":"page","link":"https:\/\/www.nefit-industrial.nl\/de\/geschichte\/","title":{"rendered":"Geschichte"},"content":{"rendered":"\n\n\t<section class=\"section\" id=\"section_573662762\">\n\t\t<div class=\"section-bg fill\" >\n\t\t\t\t\t\t\t\t\t\n\t\t\t\n\n\t\t<\/div>\n\n\t\t\n\n\t\t<div class=\"section-content relative\">\n\t\t\t\n\n<div class=\"row\"  id=\"row-301831390\">\n\n\n\t<div id=\"col-1011343681\" class=\"col small-12 large-12\"  >\n\t\t\t\t<div class=\"col-inner\"  >\n\t\t\t\n\t\t\t\n\n\t<div id=\"gap-241034035\" class=\"gap-element clearfix\" style=\"display:block; height:auto;\">\n\t\t\n<style>\n#gap-241034035 {\n  padding-top: 30px;\n}\n<\/style>\n\t<\/div>\n\t\n\n<h2 style=\"text-align: center; color:#cb3c00\"><strong>IHR PARTNER F\u00dcR GEGOSSENE UND MONTIERTE PRODUKTE<\/strong><\/h2>\n\n\n\t\t<\/div>\n\t\t\t\t\t<\/div>\n\n\t\n\n<\/div>\n\n\t\t<\/div>\n\n\t\t\n<style>\n#section_573662762 {\n  padding-top: 0px;\n  padding-bottom: 0px;\n}\n<\/style>\n\t<\/section>\n\t\n\n\n\t<section class=\"section\" id=\"section_1331617503\">\n\t\t<div class=\"section-bg fill\" >\n\t\t\t\t\t\t\t\t\t\n\t\t\t\n\n\t\t<\/div>\n\n\t\t\n\n\t\t<div class=\"section-content relative\">\n\t\t\t\n\n<div class=\"row\"  id=\"row-1632876275\">\n\n\n\t<div id=\"col-150640597\" class=\"col small-12 large-12\"  >\n\t\t\t\t<div class=\"col-inner\"  >\n\t\t\t\n\t\t\t\n\n<div class=\"container section-title-container\" ><h1 class=\"section-title section-title-normal\"><b><\/b><span class=\"section-title-main\" >GESCHICHTE<\/span><b><\/b><\/h1><\/div>\n\n<p>Die Name Nefit ist eine Abk\u00fcrzung von \u201cNederlandse Fittingfabriek\u201d. Nefit w\u00fcrde in 1948 mit Marshallhilfe gegr\u00fcndet, um die wachsende Nachfrage von Fittings zu erf\u00fcllen. Im Jahr 1965 wurde die Crane Company Eigent\u00fcmer und es wurde der Name in Crane ge\u00e4ndert. In dieser Zeit wurden die ersten Heizungskessel gefertigt. Nach ein Management Buy Out von den Gesch\u00e4ftsleitung, kam das Unternehmen wieder in Niederl\u00e4ndische H\u00e4nden und bekam den Name Nefit auf der Fassade zur\u00fcck.<\/p>\n<p>Nach der Energiekrise sahen die erste brennwert Kessel das Lebenslicht, mit als erstes der bekannte Nefit Turbo der im Jahr 1980 auf dem Markt kam. Im Jahr 1987 wurde das Unternehmen getrennt in eine Heizungsdivision (heute von Bosch betrieben) und die Gie\u00dferei. Diese bekam die Name Nefit Industrial. Die zwei Unternehmen blieben bis Ende 2014 unter einem Dach. Die Kernschiesserei, Gie\u00dferei, Temperei und Nachbearbeitung sind am gleichen Standort geblieben, aber es wurde eine Trennung zum Nachbarn Bosch vollzogen. Auf der gegen\u00fcberliegenden Stra\u00dfenseite ist eine neue Halle entstanden. Mit 8000 Quadratmeter gibt es da gen\u00fcgend Platz f\u00fcr die Bearbeitungsmaschinen, Montageeinrichtungen, Lagerung und Entwicklung, B\u00fcro\u2019s, Kantine und Umkleider\u00e4ume f\u00fcr unsere Mitarbeiter sind ebenfalls vorhanden.<\/p>\n\n  \n    <div class=\"row large-columns-4 medium-columns-3 small-columns-2\" >\n  <div class=\"gallery-col col\" >\n          <div class=\"col-inner\">\n            <a class=\"image-lightbox lightbox-gallery\" href=\"https:\/\/www.nefit-industrial.nl\/wp-content\/uploads\/2022\/11\/Over_Ons_Historie_1.jpg\" title=\"Traditionelle Facharbeit\">            <div class=\"box has-hover gallery-box box-none\">\n              <div class=\"box-image image-cover\" style=\"padding-top:100%;\">\n                <img loading=\"lazy\" decoding=\"async\" width=\"300\" height=\"225\" src=\"https:\/\/www.nefit-industrial.nl\/wp-content\/uploads\/2022\/11\/Over_Ons_Historie_1-300x225.jpg\" class=\"attachment-medium size-medium\" alt=\"\" ids=\"1110,1113,1116\" style=\"none\" image_height=\"100%\" srcset=\"https:\/\/www.nefit-industrial.nl\/wp-content\/uploads\/2022\/11\/Over_Ons_Historie_1-300x225.jpg 300w, https:\/\/www.nefit-industrial.nl\/wp-content\/uploads\/2022\/11\/Over_Ons_Historie_1.jpg 400w\" sizes=\"auto, (max-width: 300px) 100vw, 300px\" \/>                                                              <\/div>\n              <div class=\"box-text text-left\" >\n                 <p>Traditionelle Facharbeit<\/p>\n              <\/div>\n            <\/div>\n            <\/a>          <\/div>\n         <\/div><div class=\"gallery-col col\" >\n          <div class=\"col-inner\">\n            <a class=\"image-lightbox lightbox-gallery\" href=\"https:\/\/www.nefit-industrial.nl\/wp-content\/uploads\/2022\/11\/Over_Ons_Historie_2.jpg\" title=\"Kreative Anwendungen\">            <div class=\"box has-hover gallery-box box-none\">\n              <div class=\"box-image image-cover\" style=\"padding-top:100%;\">\n                <img loading=\"lazy\" decoding=\"async\" width=\"180\" height=\"300\" src=\"https:\/\/www.nefit-industrial.nl\/wp-content\/uploads\/2022\/11\/Over_Ons_Historie_2-180x300.jpg\" class=\"attachment-medium size-medium\" alt=\"\" ids=\"1110,1113,1116\" style=\"none\" image_height=\"100%\" srcset=\"https:\/\/www.nefit-industrial.nl\/wp-content\/uploads\/2022\/11\/Over_Ons_Historie_2-180x300.jpg 180w, https:\/\/www.nefit-industrial.nl\/wp-content\/uploads\/2022\/11\/Over_Ons_Historie_2.jpg 240w\" sizes=\"auto, (max-width: 180px) 100vw, 180px\" \/>                                                              <\/div>\n              <div class=\"box-text text-left\" >\n                 <p>Kreative Anwendungen<\/p>\n              <\/div>\n            <\/div>\n            <\/a>          <\/div>\n         <\/div><div class=\"gallery-col col\" >\n          <div class=\"col-inner\">\n            <a class=\"image-lightbox lightbox-gallery\" href=\"https:\/\/www.nefit-industrial.nl\/wp-content\/uploads\/2022\/11\/Over_Ons_Historie_3.jpg\" title=\"Gegossen in Eisen\">            <div class=\"box has-hover gallery-box box-none\">\n              <div class=\"box-image image-cover\" style=\"padding-top:100%;\">\n                <img loading=\"lazy\" decoding=\"async\" width=\"300\" height=\"180\" src=\"https:\/\/www.nefit-industrial.nl\/wp-content\/uploads\/2022\/11\/Over_Ons_Historie_3-300x180.jpg\" class=\"attachment-medium size-medium\" alt=\"\" ids=\"1110,1113,1116\" style=\"none\" image_height=\"100%\" srcset=\"https:\/\/www.nefit-industrial.nl\/wp-content\/uploads\/2022\/11\/Over_Ons_Historie_3-300x180.jpg 300w, https:\/\/www.nefit-industrial.nl\/wp-content\/uploads\/2022\/11\/Over_Ons_Historie_3.jpg 400w\" sizes=\"auto, (max-width: 300px) 100vw, 300px\" \/>                                                              <\/div>\n              <div class=\"box-text text-left\" >\n                 <p>Gegossen in Eisen<\/p>\n              <\/div>\n            <\/div>\n            <\/a>          <\/div>\n         <\/div><\/div>\n\n\n\t\t<\/div>\n\t\t\t\t\t<\/div>\n\n\t\n\n<\/div>\n\n\t\t<\/div>\n\n\t\t\n<style>\n#section_1331617503 {\n  padding-top: 0px;\n  padding-bottom: 0px;\n}\n<\/style>\n\t<\/section>\n\t\n\n","protected":false},"excerpt":{"rendered":"","protected":false},"author":1,"featured_media":0,"parent":0,"menu_order":0,"comment_status":"closed","ping_status":"closed","template":"page-blank.php","meta":{"footnotes":""},"class_list":["post-1303","page","type-page","status-publish","hentry"],"yoast_head":"<!-- This site is optimized with the Yoast SEO plugin v27.4 - https:\/\/yoast.com\/product\/yoast-seo-wordpress\/ -->\n<title>Nefit Industrial B.V. - Geschichte<\/title>\n<meta name=\"robots\" content=\"index, follow, max-snippet:-1, max-image-preview:large, max-video-preview:-1\" \/>\n<link rel=\"canonical\" href=\"https:\/\/www.nefit-industrial.nl\/de\/geschichte\/\" \/>\n<meta property=\"og:locale\" content=\"de_DE\" \/>\n<meta property=\"og:type\" content=\"article\" \/>\n<meta property=\"og:title\" content=\"Nefit Industrial B.V. - Geschichte\" \/>\n<meta property=\"og:url\" content=\"https:\/\/www.nefit-industrial.nl\/de\/geschichte\/\" \/>\n<meta property=\"og:site_name\" content=\"Nefit Industrial B.V.\" \/>\n<meta property=\"article:modified_time\" content=\"2022-11-25T09:55:23+00:00\" \/>\n<meta name=\"twitter:card\" content=\"summary_large_image\" \/>\n<meta name=\"twitter:label1\" content=\"Gesch\u00e4tzte Lesezeit\" \/>\n\t<meta name=\"twitter:data1\" content=\"1\u00a0Minute\" \/>\n<script type=\"application\/ld+json\" class=\"yoast-schema-graph\">{\"@context\":\"https:\\\/\\\/schema.org\",\"@graph\":[{\"@type\":\"WebPage\",\"@id\":\"https:\\\/\\\/www.nefit-industrial.nl\\\/de\\\/geschichte\\\/\",\"url\":\"https:\\\/\\\/www.nefit-industrial.nl\\\/de\\\/geschichte\\\/\",\"name\":\"Nefit Industrial B.V. - Geschichte\",\"isPartOf\":{\"@id\":\"https:\\\/\\\/www.nefit-industrial.nl\\\/#website\"},\"datePublished\":\"2022-11-22T10:18:46+00:00\",\"dateModified\":\"2022-11-25T09:55:23+00:00\",\"breadcrumb\":{\"@id\":\"https:\\\/\\\/www.nefit-industrial.nl\\\/de\\\/geschichte\\\/#breadcrumb\"},\"inLanguage\":\"de\",\"potentialAction\":[{\"@type\":\"ReadAction\",\"target\":[\"https:\\\/\\\/www.nefit-industrial.nl\\\/de\\\/geschichte\\\/\"]}]},{\"@type\":\"BreadcrumbList\",\"@id\":\"https:\\\/\\\/www.nefit-industrial.nl\\\/de\\\/geschichte\\\/#breadcrumb\",\"itemListElement\":[{\"@type\":\"ListItem\",\"position\":1,\"name\":\"Home\",\"item\":\"https:\\\/\\\/www.nefit-industrial.nl\\\/de\\\/\"},{\"@type\":\"ListItem\",\"position\":2,\"name\":\"Geschichte\"}]},{\"@type\":\"WebSite\",\"@id\":\"https:\\\/\\\/www.nefit-industrial.nl\\\/#website\",\"url\":\"https:\\\/\\\/www.nefit-industrial.nl\\\/\",\"name\":\"Nefit Industrial B.V.\",\"description\":\"\",\"publisher\":{\"@id\":\"https:\\\/\\\/www.nefit-industrial.nl\\\/#organization\"},\"potentialAction\":[{\"@type\":\"SearchAction\",\"target\":{\"@type\":\"EntryPoint\",\"urlTemplate\":\"https:\\\/\\\/www.nefit-industrial.nl\\\/?s={search_term_string}\"},\"query-input\":{\"@type\":\"PropertyValueSpecification\",\"valueRequired\":true,\"valueName\":\"search_term_string\"}}],\"inLanguage\":\"de\"},{\"@type\":\"Organization\",\"@id\":\"https:\\\/\\\/www.nefit-industrial.nl\\\/#organization\",\"name\":\"Nefit Industrial B.V.\",\"url\":\"https:\\\/\\\/www.nefit-industrial.nl\\\/\",\"logo\":{\"@type\":\"ImageObject\",\"inLanguage\":\"de\",\"@id\":\"https:\\\/\\\/www.nefit-industrial.nl\\\/#\\\/schema\\\/logo\\\/image\\\/\",\"url\":\"http:\\\/\\\/www.nefit-industrial.nl\\\/wp-content\\\/uploads\\\/2022\\\/11\\\/logo.png\",\"contentUrl\":\"http:\\\/\\\/www.nefit-industrial.nl\\\/wp-content\\\/uploads\\\/2022\\\/11\\\/logo.png\",\"width\":350,\"height\":60,\"caption\":\"Nefit Industrial B.V.\"},\"image\":{\"@id\":\"https:\\\/\\\/www.nefit-industrial.nl\\\/#\\\/schema\\\/logo\\\/image\\\/\"}}]}<\/script>\n<!-- \/ Yoast SEO plugin. -->","yoast_head_json":{"title":"Nefit Industrial B.V. - Geschichte","robots":{"index":"index","follow":"follow","max-snippet":"max-snippet:-1","max-image-preview":"max-image-preview:large","max-video-preview":"max-video-preview:-1"},"canonical":"https:\/\/www.nefit-industrial.nl\/de\/geschichte\/","og_locale":"de_DE","og_type":"article","og_title":"Nefit Industrial B.V. - Geschichte","og_url":"https:\/\/www.nefit-industrial.nl\/de\/geschichte\/","og_site_name":"Nefit Industrial B.V.","article_modified_time":"2022-11-25T09:55:23+00:00","twitter_card":"summary_large_image","twitter_misc":{"Gesch\u00e4tzte Lesezeit":"1\u00a0Minute"},"schema":{"@context":"https:\/\/schema.org","@graph":[{"@type":"WebPage","@id":"https:\/\/www.nefit-industrial.nl\/de\/geschichte\/","url":"https:\/\/www.nefit-industrial.nl\/de\/geschichte\/","name":"Nefit Industrial B.V. - Geschichte","isPartOf":{"@id":"https:\/\/www.nefit-industrial.nl\/#website"},"datePublished":"2022-11-22T10:18:46+00:00","dateModified":"2022-11-25T09:55:23+00:00","breadcrumb":{"@id":"https:\/\/www.nefit-industrial.nl\/de\/geschichte\/#breadcrumb"},"inLanguage":"de","potentialAction":[{"@type":"ReadAction","target":["https:\/\/www.nefit-industrial.nl\/de\/geschichte\/"]}]},{"@type":"BreadcrumbList","@id":"https:\/\/www.nefit-industrial.nl\/de\/geschichte\/#breadcrumb","itemListElement":[{"@type":"ListItem","position":1,"name":"Home","item":"https:\/\/www.nefit-industrial.nl\/de\/"},{"@type":"ListItem","position":2,"name":"Geschichte"}]},{"@type":"WebSite","@id":"https:\/\/www.nefit-industrial.nl\/#website","url":"https:\/\/www.nefit-industrial.nl\/","name":"Nefit Industrial B.V.","description":"","publisher":{"@id":"https:\/\/www.nefit-industrial.nl\/#organization"},"potentialAction":[{"@type":"SearchAction","target":{"@type":"EntryPoint","urlTemplate":"https:\/\/www.nefit-industrial.nl\/?s={search_term_string}"},"query-input":{"@type":"PropertyValueSpecification","valueRequired":true,"valueName":"search_term_string"}}],"inLanguage":"de"},{"@type":"Organization","@id":"https:\/\/www.nefit-industrial.nl\/#organization","name":"Nefit Industrial B.V.","url":"https:\/\/www.nefit-industrial.nl\/","logo":{"@type":"ImageObject","inLanguage":"de","@id":"https:\/\/www.nefit-industrial.nl\/#\/schema\/logo\/image\/","url":"http:\/\/www.nefit-industrial.nl\/wp-content\/uploads\/2022\/11\/logo.png","contentUrl":"http:\/\/www.nefit-industrial.nl\/wp-content\/uploads\/2022\/11\/logo.png","width":350,"height":60,"caption":"Nefit Industrial B.V."},"image":{"@id":"https:\/\/www.nefit-industrial.nl\/#\/schema\/logo\/image\/"}}]}},"_links":{"self":[{"href":"https:\/\/www.nefit-industrial.nl\/de\/wp-json\/wp\/v2\/pages\/1303","targetHints":{"allow":["GET"]}}],"collection":[{"href":"https:\/\/www.nefit-industrial.nl\/de\/wp-json\/wp\/v2\/pages"}],"about":[{"href":"https:\/\/www.nefit-industrial.nl\/de\/wp-json\/wp\/v2\/types\/page"}],"author":[{"embeddable":true,"href":"https:\/\/www.nefit-industrial.nl\/de\/wp-json\/wp\/v2\/users\/1"}],"replies":[{"embeddable":true,"href":"https:\/\/www.nefit-industrial.nl\/de\/wp-json\/wp\/v2\/comments?post=1303"}],"version-history":[{"count":2,"href":"https:\/\/www.nefit-industrial.nl\/de\/wp-json\/wp\/v2\/pages\/1303\/revisions"}],"predecessor-version":[{"id":1305,"href":"https:\/\/www.nefit-industrial.nl\/de\/wp-json\/wp\/v2\/pages\/1303\/revisions\/1305"}],"wp:attachment":[{"href":"https:\/\/www.nefit-industrial.nl\/de\/wp-json\/wp\/v2\/media?parent=1303"}],"curies":[{"name":"wp","href":"https:\/\/api.w.org\/{rel}","templated":true}]}}