{"id":1294,"date":"2022-11-22T10:16:04","date_gmt":"2022-11-22T10:16:04","guid":{"rendered":"https:\/\/www.nefit-industrial.nl\/algemein\/"},"modified":"2022-11-25T09:33:07","modified_gmt":"2022-11-25T09:33:07","slug":"algemein","status":"publish","type":"page","link":"https:\/\/www.nefit-industrial.nl\/de\/algemein\/","title":{"rendered":"Algemein"},"content":{"rendered":"\n\n\t<section class=\"section\" id=\"section_1934779177\">\n\t\t<div class=\"section-bg fill\" >\n\t\t\t\t\t\t\t\t\t\n\t\t\t\n\n\t\t<\/div>\n\n\t\t\n\n\t\t<div class=\"section-content relative\">\n\t\t\t\n\n<div class=\"row\"  id=\"row-1190534558\">\n\n\n\t<div id=\"col-1243890106\" class=\"col small-12 large-12\"  >\n\t\t\t\t<div class=\"col-inner\"  >\n\t\t\t\n\t\t\t\n\n\t<div id=\"gap-1953621101\" class=\"gap-element clearfix\" style=\"display:block; height:auto;\">\n\t\t\n<style>\n#gap-1953621101 {\n  padding-top: 30px;\n}\n<\/style>\n\t<\/div>\n\t\n\n<h2 style=\"text-align: center; color:#cb3c00\"><strong>IHR PARTNER F\u00dcR GEGOSSENE UND MONTIERTE PRODUKTE<\/strong><\/h2>\n\n\n\t\t<\/div>\n\t\t\t\t\t<\/div>\n\n\t\n\n<\/div>\n\n\t\t<\/div>\n\n\t\t\n<style>\n#section_1934779177 {\n  padding-top: 0px;\n  padding-bottom: 0px;\n}\n<\/style>\n\t<\/section>\n\t\n\n\n\t<section class=\"section\" id=\"section_293515350\">\n\t\t<div class=\"section-bg fill\" >\n\t\t\t\t\t\t\t\t\t\n\t\t\t\n\n\t\t<\/div>\n\n\t\t\n\n\t\t<div class=\"section-content relative\">\n\t\t\t\n\n<div class=\"row\"  id=\"row-665391385\">\n\n\n\t<div id=\"col-559944572\" class=\"col small-12 large-12\"  >\n\t\t\t\t<div class=\"col-inner\"  >\n\t\t\t\n\t\t\t\n\n<div class=\"container section-title-container\" ><h1 class=\"section-title section-title-normal\"><b><\/b><span class=\"section-title-main\" >ALGEMEIN<\/span><b><\/b><\/h1><\/div>\n\n<p>Nefit Industrial ist der industrielle Zulieferer von Seriengussteilen aus wei\u00dfem Temperguss. <br><br>Wir k\u00f6nnen unsere Gussteile sauber gegossen, nachbearbeitet, zerspant, mit Oberfl\u00e4chenbehandlung und \/ oder montiert gem\u00e4\u00df Ihren Kundenspezifikationen liefern.<\/p>\n<p>Eine zweite Kernt\u00e4tigkeit ist die Produktion und der Vertrieb von Fittings. <br><br>Zu unseren Auftraggebern z\u00e4hlen zahlreiche renommierte nationale und internationale Unternehmen aus der Automobilindustrie, der Bauindustrie, der Heizungsindustrie, des Landwirtschaftsmaschinenbaus, des Anlagenbaus und der Versorgungsbetriebe.<\/p>\n<p>Dank unserer Erfahrung von \u00fcber 70 Jahren, haben wir uns zu einem der f\u00fchrenden High-Tech-Produzenten von Gussteilen auf dem europ\u00e4ischen Markt entwickelt.<\/p>\n<p>Spitzenqualit\u00e4t, ein flexibler Produktionsprozess und unsere kundenorientierte Arbeitsweise, bilden die Basis f\u00fcr unseren Erfolg. Dazu investieren wir fortw\u00e4hrend in neue Technologie, Automatisierung und in die Weiterbildung unserer Mitarbeiter.<\/p>\n<p>Nefit Industrial liefert nicht nur hochwertige Teile aber auch umfassende Service von Anfrage \u00fcber Engineering bis die Lieferung direkt an Ihren Kunden. Unsere Dienstleistung ist proaktiv und basiert auf tiefgreifendes Wissen von unseren Materialen, Produkte und Prozesse. Wir sind stark in Beratung und Zusammenarbeit.<\/p>\n<p>Unsere Engineering ist ausgestattet mit den modernsten Ger\u00e4te f\u00fcr Entwurf und Entwicklung, wie 3D CAD Systeme, Software f\u00fcr FEM-berechnungen und Giesssimulation. Mit Hilfe von Rapid Prototyping und Rapid Tooling Techniken k\u00f6nnen schnell Sicht- und Funktionsmodelle geliefert werden.<\/p>\n<p>Auch versorgen wir Messungen und Pr\u00fcfungen an Produkten mit den modernsten Ger\u00e4te, wie mechanischen Pr\u00fcfungen, Durchstrahlung, CNC-Messungen, Dichtheidspr\u00fcfung und Risspr\u00fcfung.<\/p>\n<p>Dazu wird st\u00e4ndig investiert in Kenntnis, Technologie, Automatisierung und Messtechnik.<\/p>\n<p>Auch auf die logistische Ebene k\u00f6nnen wir ausf\u00fchrliche Service anbieten, wie Identifikation, speziale Verpackungen, just in time Lieferung und Transport.<\/p>\n<p>F\u00fcr Information, siehe <a href=\"http:\/\/www.nefit-industrial.nl\/wp-content\/uploads\/2022\/11\/Brochure_Algemeen_NL.pdf\" target=\"_blank\" rel=\"noopener\" data-wplink-url-error=\"true\">Brosch\u00fcre Allgemein<\/a>.<\/p>\n\n\t\t<\/div>\n\t\t\t\t\t<\/div>\n\n\t\n\n<\/div>\n\n\t\t<\/div>\n\n\t\t\n<style>\n#section_293515350 {\n  padding-top: 0px;\n  padding-bottom: 0px;\n}\n<\/style>\n\t<\/section>\n\t\n\n","protected":false},"excerpt":{"rendered":"","protected":false},"author":1,"featured_media":0,"parent":0,"menu_order":0,"comment_status":"closed","ping_status":"closed","template":"page-blank.php","meta":{"footnotes":""},"class_list":["post-1294","page","type-page","status-publish","hentry"],"yoast_head":"<!-- This site is optimized with the Yoast SEO plugin v27.4 - https:\/\/yoast.com\/product\/yoast-seo-wordpress\/ -->\n<title>Nefit Industrial B.V. - Algemein<\/title>\n<meta name=\"robots\" content=\"index, follow, max-snippet:-1, max-image-preview:large, max-video-preview:-1\" \/>\n<link rel=\"canonical\" href=\"https:\/\/www.nefit-industrial.nl\/de\/algemein\/\" \/>\n<meta property=\"og:locale\" content=\"de_DE\" \/>\n<meta property=\"og:type\" content=\"article\" \/>\n<meta property=\"og:title\" content=\"Nefit Industrial B.V. - Algemein\" \/>\n<meta property=\"og:url\" content=\"https:\/\/www.nefit-industrial.nl\/de\/algemein\/\" \/>\n<meta property=\"og:site_name\" content=\"Nefit Industrial B.V.\" \/>\n<meta property=\"article:modified_time\" content=\"2022-11-25T09:33:07+00:00\" \/>\n<meta name=\"twitter:card\" content=\"summary_large_image\" \/>\n<meta name=\"twitter:label1\" content=\"Gesch\u00e4tzte Lesezeit\" \/>\n\t<meta name=\"twitter:data1\" content=\"1\u00a0Minute\" \/>\n<script type=\"application\/ld+json\" class=\"yoast-schema-graph\">{\"@context\":\"https:\\\/\\\/schema.org\",\"@graph\":[{\"@type\":\"WebPage\",\"@id\":\"https:\\\/\\\/www.nefit-industrial.nl\\\/de\\\/algemein\\\/\",\"url\":\"https:\\\/\\\/www.nefit-industrial.nl\\\/de\\\/algemein\\\/\",\"name\":\"Nefit Industrial B.V. - Algemein\",\"isPartOf\":{\"@id\":\"https:\\\/\\\/www.nefit-industrial.nl\\\/#website\"},\"datePublished\":\"2022-11-22T10:16:04+00:00\",\"dateModified\":\"2022-11-25T09:33:07+00:00\",\"breadcrumb\":{\"@id\":\"https:\\\/\\\/www.nefit-industrial.nl\\\/de\\\/algemein\\\/#breadcrumb\"},\"inLanguage\":\"de\",\"potentialAction\":[{\"@type\":\"ReadAction\",\"target\":[\"https:\\\/\\\/www.nefit-industrial.nl\\\/de\\\/algemein\\\/\"]}]},{\"@type\":\"BreadcrumbList\",\"@id\":\"https:\\\/\\\/www.nefit-industrial.nl\\\/de\\\/algemein\\\/#breadcrumb\",\"itemListElement\":[{\"@type\":\"ListItem\",\"position\":1,\"name\":\"Home\",\"item\":\"https:\\\/\\\/www.nefit-industrial.nl\\\/de\\\/\"},{\"@type\":\"ListItem\",\"position\":2,\"name\":\"Algemein\"}]},{\"@type\":\"WebSite\",\"@id\":\"https:\\\/\\\/www.nefit-industrial.nl\\\/#website\",\"url\":\"https:\\\/\\\/www.nefit-industrial.nl\\\/\",\"name\":\"Nefit Industrial B.V.\",\"description\":\"\",\"publisher\":{\"@id\":\"https:\\\/\\\/www.nefit-industrial.nl\\\/#organization\"},\"potentialAction\":[{\"@type\":\"SearchAction\",\"target\":{\"@type\":\"EntryPoint\",\"urlTemplate\":\"https:\\\/\\\/www.nefit-industrial.nl\\\/?s={search_term_string}\"},\"query-input\":{\"@type\":\"PropertyValueSpecification\",\"valueRequired\":true,\"valueName\":\"search_term_string\"}}],\"inLanguage\":\"de\"},{\"@type\":\"Organization\",\"@id\":\"https:\\\/\\\/www.nefit-industrial.nl\\\/#organization\",\"name\":\"Nefit Industrial B.V.\",\"url\":\"https:\\\/\\\/www.nefit-industrial.nl\\\/\",\"logo\":{\"@type\":\"ImageObject\",\"inLanguage\":\"de\",\"@id\":\"https:\\\/\\\/www.nefit-industrial.nl\\\/#\\\/schema\\\/logo\\\/image\\\/\",\"url\":\"http:\\\/\\\/www.nefit-industrial.nl\\\/wp-content\\\/uploads\\\/2022\\\/11\\\/logo.png\",\"contentUrl\":\"http:\\\/\\\/www.nefit-industrial.nl\\\/wp-content\\\/uploads\\\/2022\\\/11\\\/logo.png\",\"width\":350,\"height\":60,\"caption\":\"Nefit Industrial B.V.\"},\"image\":{\"@id\":\"https:\\\/\\\/www.nefit-industrial.nl\\\/#\\\/schema\\\/logo\\\/image\\\/\"}}]}<\/script>\n<!-- \/ Yoast SEO plugin. -->","yoast_head_json":{"title":"Nefit Industrial B.V. - Algemein","robots":{"index":"index","follow":"follow","max-snippet":"max-snippet:-1","max-image-preview":"max-image-preview:large","max-video-preview":"max-video-preview:-1"},"canonical":"https:\/\/www.nefit-industrial.nl\/de\/algemein\/","og_locale":"de_DE","og_type":"article","og_title":"Nefit Industrial B.V. - Algemein","og_url":"https:\/\/www.nefit-industrial.nl\/de\/algemein\/","og_site_name":"Nefit Industrial B.V.","article_modified_time":"2022-11-25T09:33:07+00:00","twitter_card":"summary_large_image","twitter_misc":{"Gesch\u00e4tzte Lesezeit":"1\u00a0Minute"},"schema":{"@context":"https:\/\/schema.org","@graph":[{"@type":"WebPage","@id":"https:\/\/www.nefit-industrial.nl\/de\/algemein\/","url":"https:\/\/www.nefit-industrial.nl\/de\/algemein\/","name":"Nefit Industrial B.V. - Algemein","isPartOf":{"@id":"https:\/\/www.nefit-industrial.nl\/#website"},"datePublished":"2022-11-22T10:16:04+00:00","dateModified":"2022-11-25T09:33:07+00:00","breadcrumb":{"@id":"https:\/\/www.nefit-industrial.nl\/de\/algemein\/#breadcrumb"},"inLanguage":"de","potentialAction":[{"@type":"ReadAction","target":["https:\/\/www.nefit-industrial.nl\/de\/algemein\/"]}]},{"@type":"BreadcrumbList","@id":"https:\/\/www.nefit-industrial.nl\/de\/algemein\/#breadcrumb","itemListElement":[{"@type":"ListItem","position":1,"name":"Home","item":"https:\/\/www.nefit-industrial.nl\/de\/"},{"@type":"ListItem","position":2,"name":"Algemein"}]},{"@type":"WebSite","@id":"https:\/\/www.nefit-industrial.nl\/#website","url":"https:\/\/www.nefit-industrial.nl\/","name":"Nefit Industrial B.V.","description":"","publisher":{"@id":"https:\/\/www.nefit-industrial.nl\/#organization"},"potentialAction":[{"@type":"SearchAction","target":{"@type":"EntryPoint","urlTemplate":"https:\/\/www.nefit-industrial.nl\/?s={search_term_string}"},"query-input":{"@type":"PropertyValueSpecification","valueRequired":true,"valueName":"search_term_string"}}],"inLanguage":"de"},{"@type":"Organization","@id":"https:\/\/www.nefit-industrial.nl\/#organization","name":"Nefit Industrial B.V.","url":"https:\/\/www.nefit-industrial.nl\/","logo":{"@type":"ImageObject","inLanguage":"de","@id":"https:\/\/www.nefit-industrial.nl\/#\/schema\/logo\/image\/","url":"http:\/\/www.nefit-industrial.nl\/wp-content\/uploads\/2022\/11\/logo.png","contentUrl":"http:\/\/www.nefit-industrial.nl\/wp-content\/uploads\/2022\/11\/logo.png","width":350,"height":60,"caption":"Nefit Industrial B.V."},"image":{"@id":"https:\/\/www.nefit-industrial.nl\/#\/schema\/logo\/image\/"}}]}},"_links":{"self":[{"href":"https:\/\/www.nefit-industrial.nl\/de\/wp-json\/wp\/v2\/pages\/1294","targetHints":{"allow":["GET"]}}],"collection":[{"href":"https:\/\/www.nefit-industrial.nl\/de\/wp-json\/wp\/v2\/pages"}],"about":[{"href":"https:\/\/www.nefit-industrial.nl\/de\/wp-json\/wp\/v2\/types\/page"}],"author":[{"embeddable":true,"href":"https:\/\/www.nefit-industrial.nl\/de\/wp-json\/wp\/v2\/users\/1"}],"replies":[{"embeddable":true,"href":"https:\/\/www.nefit-industrial.nl\/de\/wp-json\/wp\/v2\/comments?post=1294"}],"version-history":[{"count":1,"href":"https:\/\/www.nefit-industrial.nl\/de\/wp-json\/wp\/v2\/pages\/1294\/revisions"}],"predecessor-version":[{"id":1295,"href":"https:\/\/www.nefit-industrial.nl\/de\/wp-json\/wp\/v2\/pages\/1294\/revisions\/1295"}],"wp:attachment":[{"href":"https:\/\/www.nefit-industrial.nl\/de\/wp-json\/wp\/v2\/media?parent=1294"}],"curies":[{"name":"wp","href":"https:\/\/api.w.org\/{rel}","templated":true}]}}