{"id":1289,"date":"2022-11-22T08:27:26","date_gmt":"2022-11-22T08:27:26","guid":{"rendered":"https:\/\/www.nefit-industrial.nl\/unsere-giesserei\/"},"modified":"2022-11-25T09:15:26","modified_gmt":"2022-11-25T09:15:26","slug":"unsere-giesserei","status":"publish","type":"page","link":"https:\/\/www.nefit-industrial.nl\/de\/unsere-giesserei\/","title":{"rendered":"Unsere giesserei"},"content":{"rendered":"\n\n\t<section class=\"section\" id=\"section_1768353934\">\n\t\t<div class=\"section-bg fill\" >\n\t\t\t\t\t\t\t\t\t\n\t\t\t\n\n\t\t<\/div>\n\n\t\t\n\n\t\t<div class=\"section-content relative\">\n\t\t\t\n\n<div class=\"row\"  id=\"row-382517741\">\n\n\n\t<div id=\"col-389003902\" class=\"col small-12 large-12\"  >\n\t\t\t\t<div class=\"col-inner\"  >\n\t\t\t\n\t\t\t\n\n\t<div id=\"gap-1756604032\" class=\"gap-element clearfix\" style=\"display:block; height:auto;\">\n\t\t\n<style>\n#gap-1756604032 {\n  padding-top: 30px;\n}\n<\/style>\n\t<\/div>\n\t\n\n<h2 style=\"text-align: center; color:#cb3c00\"><strong>IHR PARTNER F\u00dcR GEGOSSENE UND MONTIERTE PRODUKTE<\/strong><\/h2>\n\n\n\t\t<\/div>\n\t\t\t\t\t<\/div>\n\n\t\n\n<\/div>\n\n\t\t<\/div>\n\n\t\t\n<style>\n#section_1768353934 {\n  padding-top: 0px;\n  padding-bottom: 0px;\n}\n<\/style>\n\t<\/section>\n\t\n\n\n\t<section class=\"section\" id=\"section_892632194\">\n\t\t<div class=\"section-bg fill\" >\n\t\t\t\t\t\t\t\t\t\n\t\t\t\n\n\t\t<\/div>\n\n\t\t\n\n\t\t<div class=\"section-content relative\">\n\t\t\t\n\n<div class=\"row\"  id=\"row-1556021442\">\n\n\n\t<div id=\"col-63243001\" class=\"col small-12 large-12\"  >\n\t\t\t\t<div class=\"col-inner\"  >\n\t\t\t\n\t\t\t\n\n<div class=\"container section-title-container\" ><h1 class=\"section-title section-title-normal\"><b><\/b><span class=\"section-title-main\" >UNSERE GIESSEREI<\/span><b><\/b><\/h1><\/div>\n\n<p>Nefit Industrial verf\u00fcgt \u00fcber eine Kernschiesserei, Gie\u00dferei , Temperei und Maschinenbearbeitung. Seit 1950 sind wir an der Zweedsestraat in Deventer beheimatet. Das Werk entspricht alle aktuelle Anforderungen und wir sind in den Niederlaenden die einzige Gie\u00dferei die auf die Produktion von wei\u00dfer Temperguss spezialisiert ist.<\/p>\n<p>In unserem Werk haben wir viel Maschinen , Roboter und Bearbeitungsmaschinen selbst mit entwickelt und unseren Anforderungen gem\u00e4\u00df letzter Stand der Technik angepasst. Gussteile werden im Werk und in unserem Labor untersucht und beurteilt, z.B. Durchstrahlung-R\u00f6ntgenpr\u00fcfung, chemische Analyse, H\u00e4rtemessung, Struktur-und Festigkeit Untersuchung.<\/p>\n\n  \n    <div class=\"row large-columns-3 medium-columns- small-columns-2\" >\n  <div class=\"gallery-col col\" >\n          <div class=\"col-inner\">\n            <a class=\"image-lightbox lightbox-gallery\" href=\"https:\/\/www.nefit-industrial.nl\/wp-content\/uploads\/2022\/11\/110Kernmakerij-totaal.jpg\" title=\"Kernabteilung\">            <div class=\"box has-hover gallery-box box-none\">\n              <div class=\"box-image\" >\n                <img loading=\"lazy\" decoding=\"async\" width=\"300\" height=\"200\" src=\"https:\/\/www.nefit-industrial.nl\/wp-content\/uploads\/2022\/11\/110Kernmakerij-totaal-300x200.jpg\" class=\"attachment-medium size-medium\" alt=\"\" ids=\"543,547,549,557,559,565,569,573,579,581,585,589\" style=\"none\" columns=\"3\" srcset=\"https:\/\/www.nefit-industrial.nl\/wp-content\/uploads\/2022\/11\/110Kernmakerij-totaal-300x200.jpg 300w, https:\/\/www.nefit-industrial.nl\/wp-content\/uploads\/2022\/11\/110Kernmakerij-totaal-768x512.jpg 768w, https:\/\/www.nefit-industrial.nl\/wp-content\/uploads\/2022\/11\/110Kernmakerij-totaal.jpg 1000w\" sizes=\"auto, (max-width: 300px) 100vw, 300px\" \/>                                                              <\/div>\n              <div class=\"box-text text-left\" >\n                 <p>Kernabteilung<\/p>\n              <\/div>\n            <\/div>\n            <\/a>          <\/div>\n         <\/div><div class=\"gallery-col col\" >\n          <div class=\"col-inner\">\n            <a class=\"image-lightbox lightbox-gallery\" href=\"https:\/\/www.nefit-industrial.nl\/wp-content\/uploads\/2022\/11\/112Kernmakerij-CB-robot.jpg\" title=\"Kernabteilung Coldbox\">            <div class=\"box has-hover gallery-box box-none\">\n              <div class=\"box-image\" >\n                <img loading=\"lazy\" decoding=\"async\" width=\"300\" height=\"200\" src=\"https:\/\/www.nefit-industrial.nl\/wp-content\/uploads\/2022\/11\/112Kernmakerij-CB-robot-300x200.jpg\" class=\"attachment-medium size-medium\" alt=\"\" ids=\"543,547,549,557,559,565,569,573,579,581,585,589\" style=\"none\" columns=\"3\" srcset=\"https:\/\/www.nefit-industrial.nl\/wp-content\/uploads\/2022\/11\/112Kernmakerij-CB-robot-300x200.jpg 300w, https:\/\/www.nefit-industrial.nl\/wp-content\/uploads\/2022\/11\/112Kernmakerij-CB-robot-768x512.jpg 768w, https:\/\/www.nefit-industrial.nl\/wp-content\/uploads\/2022\/11\/112Kernmakerij-CB-robot.jpg 1000w\" sizes=\"auto, (max-width: 300px) 100vw, 300px\" \/>                                                              <\/div>\n              <div class=\"box-text text-left\" >\n                 <p>Kernabteilung Coldbox<\/p>\n              <\/div>\n            <\/div>\n            <\/a>          <\/div>\n         <\/div><div class=\"gallery-col col\" >\n          <div class=\"col-inner\">\n            <a class=\"image-lightbox lightbox-gallery\" href=\"https:\/\/www.nefit-industrial.nl\/wp-content\/uploads\/2022\/11\/113Gieterij-kernleggen-2p.jpg\" title=\"Giesserei Kernlegung\">            <div class=\"box has-hover gallery-box box-none\">\n              <div class=\"box-image\" >\n                <img loading=\"lazy\" decoding=\"async\" width=\"300\" height=\"200\" src=\"https:\/\/www.nefit-industrial.nl\/wp-content\/uploads\/2022\/11\/113Gieterij-kernleggen-2p-300x200.jpg\" class=\"attachment-medium size-medium\" alt=\"\" ids=\"543,547,549,557,559,565,569,573,579,581,585,589\" style=\"none\" columns=\"3\" srcset=\"https:\/\/www.nefit-industrial.nl\/wp-content\/uploads\/2022\/11\/113Gieterij-kernleggen-2p-300x200.jpg 300w, https:\/\/www.nefit-industrial.nl\/wp-content\/uploads\/2022\/11\/113Gieterij-kernleggen-2p-768x512.jpg 768w, https:\/\/www.nefit-industrial.nl\/wp-content\/uploads\/2022\/11\/113Gieterij-kernleggen-2p.jpg 1000w\" sizes=\"auto, (max-width: 300px) 100vw, 300px\" \/>                                                              <\/div>\n              <div class=\"box-text text-left\" >\n                 <p>Giesserei Kernlegung<\/p>\n              <\/div>\n            <\/div>\n            <\/a>          <\/div>\n         <\/div><div class=\"gallery-col col\" >\n          <div class=\"col-inner\">\n            <a class=\"image-lightbox lightbox-gallery\" href=\"https:\/\/www.nefit-industrial.nl\/wp-content\/uploads\/2022\/11\/117Gieterij-smeltoven-sturing.jpg\" title=\"Giesserei Schmelzsteuerung\">            <div class=\"box has-hover gallery-box box-none\">\n              <div class=\"box-image\" >\n                <img loading=\"lazy\" decoding=\"async\" width=\"300\" height=\"200\" src=\"https:\/\/www.nefit-industrial.nl\/wp-content\/uploads\/2022\/11\/117Gieterij-smeltoven-sturing-300x200.jpg\" class=\"attachment-medium size-medium\" alt=\"\" ids=\"543,547,549,557,559,565,569,573,579,581,585,589\" style=\"none\" columns=\"3\" srcset=\"https:\/\/www.nefit-industrial.nl\/wp-content\/uploads\/2022\/11\/117Gieterij-smeltoven-sturing-300x200.jpg 300w, https:\/\/www.nefit-industrial.nl\/wp-content\/uploads\/2022\/11\/117Gieterij-smeltoven-sturing-768x512.jpg 768w, https:\/\/www.nefit-industrial.nl\/wp-content\/uploads\/2022\/11\/117Gieterij-smeltoven-sturing.jpg 1000w\" sizes=\"auto, (max-width: 300px) 100vw, 300px\" \/>                                                              <\/div>\n              <div class=\"box-text text-left\" >\n                 <p>Giesserei Schmelzsteuerung<\/p>\n              <\/div>\n            <\/div>\n            <\/a>          <\/div>\n         <\/div><div class=\"gallery-col col\" >\n          <div class=\"col-inner\">\n            <a class=\"image-lightbox lightbox-gallery\" href=\"https:\/\/www.nefit-industrial.nl\/wp-content\/uploads\/2022\/11\/118Gieterij-pan-vullen.jpg\" title=\"Giesserei Eisen Transport\">            <div class=\"box has-hover gallery-box box-none\">\n              <div class=\"box-image\" >\n                <img loading=\"lazy\" decoding=\"async\" width=\"300\" height=\"200\" src=\"https:\/\/www.nefit-industrial.nl\/wp-content\/uploads\/2022\/11\/118Gieterij-pan-vullen-300x200.jpg\" class=\"attachment-medium size-medium\" alt=\"\" ids=\"543,547,549,557,559,565,569,573,579,581,585,589\" style=\"none\" columns=\"3\" srcset=\"https:\/\/www.nefit-industrial.nl\/wp-content\/uploads\/2022\/11\/118Gieterij-pan-vullen-300x200.jpg 300w, https:\/\/www.nefit-industrial.nl\/wp-content\/uploads\/2022\/11\/118Gieterij-pan-vullen-768x512.jpg 768w, https:\/\/www.nefit-industrial.nl\/wp-content\/uploads\/2022\/11\/118Gieterij-pan-vullen.jpg 1000w\" sizes=\"auto, (max-width: 300px) 100vw, 300px\" \/>                                                              <\/div>\n              <div class=\"box-text text-left\" >\n                 <p>Giesserei Eisen Transport<\/p>\n              <\/div>\n            <\/div>\n            <\/a>          <\/div>\n         <\/div><div class=\"gallery-col col\" >\n          <div class=\"col-inner\">\n            <a class=\"image-lightbox lightbox-gallery\" href=\"https:\/\/www.nefit-industrial.nl\/wp-content\/uploads\/2022\/11\/121Modellen-magazijn-MP.jpg\" title=\"Modellplatten\">            <div class=\"box has-hover gallery-box box-none\">\n              <div class=\"box-image\" >\n                <img loading=\"lazy\" decoding=\"async\" width=\"300\" height=\"200\" src=\"https:\/\/www.nefit-industrial.nl\/wp-content\/uploads\/2022\/11\/121Modellen-magazijn-MP-300x200.jpg\" class=\"attachment-medium size-medium\" alt=\"\" ids=\"543,547,549,557,559,565,569,573,579,581,585,589\" style=\"none\" columns=\"3\" srcset=\"https:\/\/www.nefit-industrial.nl\/wp-content\/uploads\/2022\/11\/121Modellen-magazijn-MP-300x200.jpg 300w, https:\/\/www.nefit-industrial.nl\/wp-content\/uploads\/2022\/11\/121Modellen-magazijn-MP-768x512.jpg 768w, https:\/\/www.nefit-industrial.nl\/wp-content\/uploads\/2022\/11\/121Modellen-magazijn-MP.jpg 1000w\" sizes=\"auto, (max-width: 300px) 100vw, 300px\" \/>                                                              <\/div>\n              <div class=\"box-text text-left\" >\n                 <p>Modellplatten<\/p>\n              <\/div>\n            <\/div>\n            <\/a>          <\/div>\n         <\/div><div class=\"gallery-col col\" >\n          <div class=\"col-inner\">\n            <a class=\"image-lightbox lightbox-gallery\" href=\"https:\/\/www.nefit-industrial.nl\/wp-content\/uploads\/2022\/11\/128Gloeierij-uitgang-LIII.jpg\" title=\"Temperei W\u00e4rmebehandlung\">            <div class=\"box has-hover gallery-box box-none\">\n              <div class=\"box-image\" >\n                <img loading=\"lazy\" decoding=\"async\" width=\"300\" height=\"200\" src=\"https:\/\/www.nefit-industrial.nl\/wp-content\/uploads\/2022\/11\/128Gloeierij-uitgang-LIII-300x200.jpg\" class=\"attachment-medium size-medium\" alt=\"\" ids=\"543,547,549,557,559,565,569,573,579,581,585,589\" style=\"none\" columns=\"3\" srcset=\"https:\/\/www.nefit-industrial.nl\/wp-content\/uploads\/2022\/11\/128Gloeierij-uitgang-LIII-300x200.jpg 300w, https:\/\/www.nefit-industrial.nl\/wp-content\/uploads\/2022\/11\/128Gloeierij-uitgang-LIII-768x512.jpg 768w, https:\/\/www.nefit-industrial.nl\/wp-content\/uploads\/2022\/11\/128Gloeierij-uitgang-LIII.jpg 1000w\" sizes=\"auto, (max-width: 300px) 100vw, 300px\" \/>                                                              <\/div>\n              <div class=\"box-text text-left\" >\n                 <p>Temperei W\u00e4rmebehandlung<\/p>\n              <\/div>\n            <\/div>\n            <\/a>          <\/div>\n         <\/div><div class=\"gallery-col col\" >\n          <div class=\"col-inner\">\n            <a class=\"image-lightbox lightbox-gallery\" href=\"https:\/\/www.nefit-industrial.nl\/wp-content\/uploads\/2022\/11\/132SKS-hydraulische-persen-totaal.jpg\" title=\"Presseabteilung\">            <div class=\"box has-hover gallery-box box-none\">\n              <div class=\"box-image\" >\n                <img loading=\"lazy\" decoding=\"async\" width=\"300\" height=\"200\" src=\"https:\/\/www.nefit-industrial.nl\/wp-content\/uploads\/2022\/11\/132SKS-hydraulische-persen-totaal-300x200.jpg\" class=\"attachment-medium size-medium\" alt=\"\" ids=\"543,547,549,557,559,565,569,573,579,581,585,589\" style=\"none\" columns=\"3\" srcset=\"https:\/\/www.nefit-industrial.nl\/wp-content\/uploads\/2022\/11\/132SKS-hydraulische-persen-totaal-300x200.jpg 300w, https:\/\/www.nefit-industrial.nl\/wp-content\/uploads\/2022\/11\/132SKS-hydraulische-persen-totaal-768x512.jpg 768w, https:\/\/www.nefit-industrial.nl\/wp-content\/uploads\/2022\/11\/132SKS-hydraulische-persen-totaal.jpg 1000w\" sizes=\"auto, (max-width: 300px) 100vw, 300px\" \/>                                                              <\/div>\n              <div class=\"box-text text-left\" >\n                 <p>Presseabteilung<\/p>\n              <\/div>\n            <\/div>\n            <\/a>          <\/div>\n         <\/div><div class=\"gallery-col col\" >\n          <div class=\"col-inner\">\n            <a class=\"image-lightbox lightbox-gallery\" href=\"https:\/\/www.nefit-industrial.nl\/wp-content\/uploads\/2022\/11\/136Kontrole-3p.jpg\" title=\"Sichtpr\u00fcfung Gussteile\">            <div class=\"box has-hover gallery-box box-none\">\n              <div class=\"box-image\" >\n                <img loading=\"lazy\" decoding=\"async\" width=\"300\" height=\"200\" src=\"https:\/\/www.nefit-industrial.nl\/wp-content\/uploads\/2022\/11\/136Kontrole-3p-300x200.jpg\" class=\"attachment-medium size-medium\" alt=\"\" ids=\"543,547,549,557,559,565,569,573,579,581,585,589\" style=\"none\" columns=\"3\" srcset=\"https:\/\/www.nefit-industrial.nl\/wp-content\/uploads\/2022\/11\/136Kontrole-3p-300x200.jpg 300w, https:\/\/www.nefit-industrial.nl\/wp-content\/uploads\/2022\/11\/136Kontrole-3p-768x512.jpg 768w, https:\/\/www.nefit-industrial.nl\/wp-content\/uploads\/2022\/11\/136Kontrole-3p.jpg 1000w\" sizes=\"auto, (max-width: 300px) 100vw, 300px\" \/>                                                              <\/div>\n              <div class=\"box-text text-left\" >\n                 <p>Sichtpr\u00fcfung Gussteile<\/p>\n              <\/div>\n            <\/div>\n            <\/a>          <\/div>\n         <\/div><div class=\"gallery-col col\" >\n          <div class=\"col-inner\">\n            <a class=\"image-lightbox lightbox-gallery\" href=\"https:\/\/www.nefit-industrial.nl\/wp-content\/uploads\/2022\/11\/140Layer-totaal.jpg\" title=\"Prozess- und Pr\u00fcfabteilung\">            <div class=\"box has-hover gallery-box box-none\">\n              <div class=\"box-image\" >\n                <img loading=\"lazy\" decoding=\"async\" width=\"300\" height=\"200\" src=\"https:\/\/www.nefit-industrial.nl\/wp-content\/uploads\/2022\/11\/140Layer-totaal-300x200.jpg\" class=\"attachment-medium size-medium\" alt=\"\" ids=\"543,547,549,557,559,565,569,573,579,581,585,589\" style=\"none\" columns=\"3\" srcset=\"https:\/\/www.nefit-industrial.nl\/wp-content\/uploads\/2022\/11\/140Layer-totaal-300x200.jpg 300w, https:\/\/www.nefit-industrial.nl\/wp-content\/uploads\/2022\/11\/140Layer-totaal-768x512.jpg 768w, https:\/\/www.nefit-industrial.nl\/wp-content\/uploads\/2022\/11\/140Layer-totaal.jpg 1000w\" sizes=\"auto, (max-width: 300px) 100vw, 300px\" \/>                                                              <\/div>\n              <div class=\"box-text text-left\" >\n                 <p>Prozess- und Pr\u00fcfabteilung<\/p>\n              <\/div>\n            <\/div>\n            <\/a>          <\/div>\n         <\/div><div class=\"gallery-col col\" >\n          <div class=\"col-inner\">\n            <a class=\"image-lightbox lightbox-gallery\" href=\"https:\/\/www.nefit-industrial.nl\/wp-content\/uploads\/2022\/11\/143Scheuronderzoek-UV-beoordeling.jpg\" title=\"Risspr\u00fcfung MSV, UV-Licht\">            <div class=\"box has-hover gallery-box box-none\">\n              <div class=\"box-image\" >\n                <img loading=\"lazy\" decoding=\"async\" width=\"300\" height=\"200\" src=\"https:\/\/www.nefit-industrial.nl\/wp-content\/uploads\/2022\/11\/143Scheuronderzoek-UV-beoordeling-300x200.jpg\" class=\"attachment-medium size-medium\" alt=\"\" ids=\"543,547,549,557,559,565,569,573,579,581,585,589\" style=\"none\" columns=\"3\" srcset=\"https:\/\/www.nefit-industrial.nl\/wp-content\/uploads\/2022\/11\/143Scheuronderzoek-UV-beoordeling-300x200.jpg 300w, https:\/\/www.nefit-industrial.nl\/wp-content\/uploads\/2022\/11\/143Scheuronderzoek-UV-beoordeling-768x512.jpg 768w, https:\/\/www.nefit-industrial.nl\/wp-content\/uploads\/2022\/11\/143Scheuronderzoek-UV-beoordeling.jpg 1000w\" sizes=\"auto, (max-width: 300px) 100vw, 300px\" \/>                                                              <\/div>\n              <div class=\"box-text text-left\" >\n                 <p>Risspr\u00fcfung MSV, UV-Licht<\/p>\n              <\/div>\n            <\/div>\n            <\/a>          <\/div>\n         <\/div><div class=\"gallery-col col\" >\n          <div class=\"col-inner\">\n            <a class=\"image-lightbox lightbox-gallery\" href=\"https:\/\/www.nefit-industrial.nl\/wp-content\/uploads\/2022\/11\/145Testen-lekdichtheid-drukafval.jpg\" title=\"Dichtheitspr\u00fcfung\">            <div class=\"box has-hover gallery-box box-none\">\n              <div class=\"box-image\" >\n                <img loading=\"lazy\" decoding=\"async\" width=\"300\" height=\"200\" src=\"https:\/\/www.nefit-industrial.nl\/wp-content\/uploads\/2022\/11\/145Testen-lekdichtheid-drukafval-300x200.jpg\" class=\"attachment-medium size-medium\" alt=\"\" ids=\"543,547,549,557,559,565,569,573,579,581,585,589\" style=\"none\" columns=\"3\" srcset=\"https:\/\/www.nefit-industrial.nl\/wp-content\/uploads\/2022\/11\/145Testen-lekdichtheid-drukafval-300x200.jpg 300w, https:\/\/www.nefit-industrial.nl\/wp-content\/uploads\/2022\/11\/145Testen-lekdichtheid-drukafval-768x512.jpg 768w, https:\/\/www.nefit-industrial.nl\/wp-content\/uploads\/2022\/11\/145Testen-lekdichtheid-drukafval.jpg 1000w\" sizes=\"auto, (max-width: 300px) 100vw, 300px\" \/>                                                              <\/div>\n              <div class=\"box-text text-left\" >\n                 <p>Dichtheitspr\u00fcfung<\/p>\n              <\/div>\n            <\/div>\n            <\/a>          <\/div>\n         <\/div><\/div>\n\n\n\t\t<\/div>\n\t\t\t\t\t<\/div>\n\n\t\n\n<\/div>\n\n\t\t<\/div>\n\n\t\t\n<style>\n#section_892632194 {\n  padding-top: 0px;\n  padding-bottom: 0px;\n}\n<\/style>\n\t<\/section>\n\t\n\n","protected":false},"excerpt":{"rendered":"","protected":false},"author":1,"featured_media":0,"parent":0,"menu_order":0,"comment_status":"closed","ping_status":"closed","template":"page-blank.php","meta":{"footnotes":""},"class_list":["post-1289","page","type-page","status-publish","hentry"],"yoast_head":"<!-- This site is optimized with the Yoast SEO plugin v27.4 - https:\/\/yoast.com\/product\/yoast-seo-wordpress\/ -->\n<title>Nefit Industrial B.V. - Unsere giesserei<\/title>\n<meta name=\"robots\" content=\"index, follow, max-snippet:-1, max-image-preview:large, max-video-preview:-1\" \/>\n<link rel=\"canonical\" href=\"https:\/\/www.nefit-industrial.nl\/de\/unsere-giesserei\/\" \/>\n<meta property=\"og:locale\" content=\"de_DE\" \/>\n<meta property=\"og:type\" content=\"article\" \/>\n<meta property=\"og:title\" content=\"Nefit Industrial B.V. - Unsere giesserei\" \/>\n<meta property=\"og:url\" content=\"https:\/\/www.nefit-industrial.nl\/de\/unsere-giesserei\/\" \/>\n<meta property=\"og:site_name\" content=\"Nefit Industrial B.V.\" \/>\n<meta property=\"article:modified_time\" content=\"2022-11-25T09:15:26+00:00\" \/>\n<meta name=\"twitter:card\" content=\"summary_large_image\" \/>\n<meta name=\"twitter:label1\" content=\"Gesch\u00e4tzte Lesezeit\" \/>\n\t<meta name=\"twitter:data1\" content=\"1\u00a0Minute\" \/>\n<script type=\"application\/ld+json\" class=\"yoast-schema-graph\">{\"@context\":\"https:\\\/\\\/schema.org\",\"@graph\":[{\"@type\":\"WebPage\",\"@id\":\"https:\\\/\\\/www.nefit-industrial.nl\\\/de\\\/unsere-giesserei\\\/\",\"url\":\"https:\\\/\\\/www.nefit-industrial.nl\\\/de\\\/unsere-giesserei\\\/\",\"name\":\"Nefit Industrial B.V. - Unsere giesserei\",\"isPartOf\":{\"@id\":\"https:\\\/\\\/www.nefit-industrial.nl\\\/#website\"},\"datePublished\":\"2022-11-22T08:27:26+00:00\",\"dateModified\":\"2022-11-25T09:15:26+00:00\",\"breadcrumb\":{\"@id\":\"https:\\\/\\\/www.nefit-industrial.nl\\\/de\\\/unsere-giesserei\\\/#breadcrumb\"},\"inLanguage\":\"de\",\"potentialAction\":[{\"@type\":\"ReadAction\",\"target\":[\"https:\\\/\\\/www.nefit-industrial.nl\\\/de\\\/unsere-giesserei\\\/\"]}]},{\"@type\":\"BreadcrumbList\",\"@id\":\"https:\\\/\\\/www.nefit-industrial.nl\\\/de\\\/unsere-giesserei\\\/#breadcrumb\",\"itemListElement\":[{\"@type\":\"ListItem\",\"position\":1,\"name\":\"Home\",\"item\":\"https:\\\/\\\/www.nefit-industrial.nl\\\/de\\\/\"},{\"@type\":\"ListItem\",\"position\":2,\"name\":\"Unsere giesserei\"}]},{\"@type\":\"WebSite\",\"@id\":\"https:\\\/\\\/www.nefit-industrial.nl\\\/#website\",\"url\":\"https:\\\/\\\/www.nefit-industrial.nl\\\/\",\"name\":\"Nefit Industrial B.V.\",\"description\":\"\",\"publisher\":{\"@id\":\"https:\\\/\\\/www.nefit-industrial.nl\\\/#organization\"},\"potentialAction\":[{\"@type\":\"SearchAction\",\"target\":{\"@type\":\"EntryPoint\",\"urlTemplate\":\"https:\\\/\\\/www.nefit-industrial.nl\\\/?s={search_term_string}\"},\"query-input\":{\"@type\":\"PropertyValueSpecification\",\"valueRequired\":true,\"valueName\":\"search_term_string\"}}],\"inLanguage\":\"de\"},{\"@type\":\"Organization\",\"@id\":\"https:\\\/\\\/www.nefit-industrial.nl\\\/#organization\",\"name\":\"Nefit Industrial B.V.\",\"url\":\"https:\\\/\\\/www.nefit-industrial.nl\\\/\",\"logo\":{\"@type\":\"ImageObject\",\"inLanguage\":\"de\",\"@id\":\"https:\\\/\\\/www.nefit-industrial.nl\\\/#\\\/schema\\\/logo\\\/image\\\/\",\"url\":\"http:\\\/\\\/www.nefit-industrial.nl\\\/wp-content\\\/uploads\\\/2022\\\/11\\\/logo.png\",\"contentUrl\":\"http:\\\/\\\/www.nefit-industrial.nl\\\/wp-content\\\/uploads\\\/2022\\\/11\\\/logo.png\",\"width\":350,\"height\":60,\"caption\":\"Nefit Industrial B.V.\"},\"image\":{\"@id\":\"https:\\\/\\\/www.nefit-industrial.nl\\\/#\\\/schema\\\/logo\\\/image\\\/\"}}]}<\/script>\n<!-- \/ Yoast SEO plugin. -->","yoast_head_json":{"title":"Nefit Industrial B.V. - Unsere giesserei","robots":{"index":"index","follow":"follow","max-snippet":"max-snippet:-1","max-image-preview":"max-image-preview:large","max-video-preview":"max-video-preview:-1"},"canonical":"https:\/\/www.nefit-industrial.nl\/de\/unsere-giesserei\/","og_locale":"de_DE","og_type":"article","og_title":"Nefit Industrial B.V. - Unsere giesserei","og_url":"https:\/\/www.nefit-industrial.nl\/de\/unsere-giesserei\/","og_site_name":"Nefit Industrial B.V.","article_modified_time":"2022-11-25T09:15:26+00:00","twitter_card":"summary_large_image","twitter_misc":{"Gesch\u00e4tzte Lesezeit":"1\u00a0Minute"},"schema":{"@context":"https:\/\/schema.org","@graph":[{"@type":"WebPage","@id":"https:\/\/www.nefit-industrial.nl\/de\/unsere-giesserei\/","url":"https:\/\/www.nefit-industrial.nl\/de\/unsere-giesserei\/","name":"Nefit Industrial B.V. - Unsere giesserei","isPartOf":{"@id":"https:\/\/www.nefit-industrial.nl\/#website"},"datePublished":"2022-11-22T08:27:26+00:00","dateModified":"2022-11-25T09:15:26+00:00","breadcrumb":{"@id":"https:\/\/www.nefit-industrial.nl\/de\/unsere-giesserei\/#breadcrumb"},"inLanguage":"de","potentialAction":[{"@type":"ReadAction","target":["https:\/\/www.nefit-industrial.nl\/de\/unsere-giesserei\/"]}]},{"@type":"BreadcrumbList","@id":"https:\/\/www.nefit-industrial.nl\/de\/unsere-giesserei\/#breadcrumb","itemListElement":[{"@type":"ListItem","position":1,"name":"Home","item":"https:\/\/www.nefit-industrial.nl\/de\/"},{"@type":"ListItem","position":2,"name":"Unsere giesserei"}]},{"@type":"WebSite","@id":"https:\/\/www.nefit-industrial.nl\/#website","url":"https:\/\/www.nefit-industrial.nl\/","name":"Nefit Industrial B.V.","description":"","publisher":{"@id":"https:\/\/www.nefit-industrial.nl\/#organization"},"potentialAction":[{"@type":"SearchAction","target":{"@type":"EntryPoint","urlTemplate":"https:\/\/www.nefit-industrial.nl\/?s={search_term_string}"},"query-input":{"@type":"PropertyValueSpecification","valueRequired":true,"valueName":"search_term_string"}}],"inLanguage":"de"},{"@type":"Organization","@id":"https:\/\/www.nefit-industrial.nl\/#organization","name":"Nefit Industrial B.V.","url":"https:\/\/www.nefit-industrial.nl\/","logo":{"@type":"ImageObject","inLanguage":"de","@id":"https:\/\/www.nefit-industrial.nl\/#\/schema\/logo\/image\/","url":"http:\/\/www.nefit-industrial.nl\/wp-content\/uploads\/2022\/11\/logo.png","contentUrl":"http:\/\/www.nefit-industrial.nl\/wp-content\/uploads\/2022\/11\/logo.png","width":350,"height":60,"caption":"Nefit Industrial B.V."},"image":{"@id":"https:\/\/www.nefit-industrial.nl\/#\/schema\/logo\/image\/"}}]}},"_links":{"self":[{"href":"https:\/\/www.nefit-industrial.nl\/de\/wp-json\/wp\/v2\/pages\/1289","targetHints":{"allow":["GET"]}}],"collection":[{"href":"https:\/\/www.nefit-industrial.nl\/de\/wp-json\/wp\/v2\/pages"}],"about":[{"href":"https:\/\/www.nefit-industrial.nl\/de\/wp-json\/wp\/v2\/types\/page"}],"author":[{"embeddable":true,"href":"https:\/\/www.nefit-industrial.nl\/de\/wp-json\/wp\/v2\/users\/1"}],"replies":[{"embeddable":true,"href":"https:\/\/www.nefit-industrial.nl\/de\/wp-json\/wp\/v2\/comments?post=1289"}],"version-history":[{"count":2,"href":"https:\/\/www.nefit-industrial.nl\/de\/wp-json\/wp\/v2\/pages\/1289\/revisions"}],"predecessor-version":[{"id":1291,"href":"https:\/\/www.nefit-industrial.nl\/de\/wp-json\/wp\/v2\/pages\/1289\/revisions\/1291"}],"wp:attachment":[{"href":"https:\/\/www.nefit-industrial.nl\/de\/wp-json\/wp\/v2\/media?parent=1289"}],"curies":[{"name":"wp","href":"https:\/\/api.w.org\/{rel}","templated":true}]}}