{"id":1228,"date":"2022-11-22T08:20:02","date_gmt":"2022-11-22T08:20:02","guid":{"rendered":"https:\/\/www.nefit-industrial.nl\/engineering\/"},"modified":"2022-11-24T11:12:17","modified_gmt":"2022-11-24T11:12:17","slug":"engineering","status":"publish","type":"page","link":"https:\/\/www.nefit-industrial.nl\/de\/engineering\/","title":{"rendered":"Engineering"},"content":{"rendered":"\n\n\t<section class=\"section\" id=\"section_787675325\">\n\t\t<div class=\"section-bg fill\" >\n\t\t\t\t\t\t\t\t\t\n\t\t\t\n\n\t\t<\/div>\n\n\t\t\n\n\t\t<div class=\"section-content relative\">\n\t\t\t\n\n<div class=\"row\"  id=\"row-1502055118\">\n\n\n\t<div id=\"col-1192707301\" class=\"col small-12 large-12\"  >\n\t\t\t\t<div class=\"col-inner\"  >\n\t\t\t\n\t\t\t\n\n\t<div id=\"gap-392687202\" class=\"gap-element clearfix\" style=\"display:block; height:auto;\">\n\t\t\n<style>\n#gap-392687202 {\n  padding-top: 30px;\n}\n<\/style>\n\t<\/div>\n\t\n\n<h2 style=\"text-align: center; color:#cb3c00\"><strong>IHR PARTNER F\u00dcR GEGOSSENE UND MONTIERTE PRODUKTE<\/strong><\/h2>\n\n\n\t\t<\/div>\n\t\t\t\t\t<\/div>\n\n\t\n\n<\/div>\n\n\t\t<\/div>\n\n\t\t\n<style>\n#section_787675325 {\n  padding-top: 0px;\n  padding-bottom: 0px;\n}\n<\/style>\n\t<\/section>\n\t\n\n\n\t<section class=\"section\" id=\"section_1448079170\">\n\t\t<div class=\"section-bg fill\" >\n\t\t\t\t\t\t\t\t\t\n\t\t\t\n\n\t\t<\/div>\n\n\t\t\n\n\t\t<div class=\"section-content relative\">\n\t\t\t\n\n<div class=\"row\"  id=\"row-649903346\">\n\n\n\t<div id=\"col-999140140\" class=\"col small-12 large-12\"  >\n\t\t\t\t<div class=\"col-inner\"  >\n\t\t\t\n\t\t\t\n\n<div class=\"container section-title-container\" ><h1 class=\"section-title section-title-normal\"><b><\/b><span class=\"section-title-main\" >ENGINEERING<\/span><b><\/b><\/h1><\/div>\n\n<p>Gleich vom Anfang an beraten wir unseren Kunden und engineeren seinen Gussteile auch gerne f\u00fcr komplizierte und anspruchsvolle Konstruktionen. Und das k\u00f6nnen wir schnell. Eine gute Zusammenarbeit und Co-Engineering sind dabei Stichworte.<\/p>\n<p>Unsere Techniker arbeiten mit modernsten Design- und Entwicklungssysteme. Dank Rapid Prototyping und Rapid Tooling k\u00f6nnen wir innerhalb des weiteren Entwicklungsprozesses funktionelle Prototypen herstellen. Um eine Ma\u00dfgenauigkeit der bei uns hergestellten Gussprodukte zu gew\u00e4hrleisten werden diese auf hochwertigen Metallformwerkzeugen hergestellt. Innerhalb 24 Stunden k\u00f6nnen unsere Kunden einen Kunststoff Prototyp vom gew\u00fcnschten Gussteil betrachten. Selbstverst\u00e4ndlich arbeiten wir mit der neuesten Software im Bereich der Festigkeitsberechnungen und Giesssimulation.<\/p>\n\n  \n    <div class=\"row large-columns-3 medium-columns- small-columns-2\" >\n  <div class=\"gallery-col col\" >\n          <div class=\"col-inner\">\n            <a class=\"image-lightbox lightbox-gallery\" href=\"https:\/\/www.nefit-industrial.nl\/wp-content\/uploads\/2022\/11\/100-Engineering-Projectmanagement.jpg\" title=\"Engineering Projektmanagement\">            <div class=\"box has-hover gallery-box box-none\">\n              <div class=\"box-image image-cover\" style=\"padding-top:56.25%;\">\n                <img loading=\"lazy\" decoding=\"async\" width=\"300\" height=\"200\" src=\"https:\/\/www.nefit-industrial.nl\/wp-content\/uploads\/2022\/11\/100-Engineering-Projectmanagement-300x200.jpg\" class=\"attachment-medium size-medium\" alt=\"\" ids=\"535,537,539,541,1000,1003\" style=\"none\" columns=\"3\" image_height=\"56.25%\" srcset=\"https:\/\/www.nefit-industrial.nl\/wp-content\/uploads\/2022\/11\/100-Engineering-Projectmanagement-300x200.jpg 300w, https:\/\/www.nefit-industrial.nl\/wp-content\/uploads\/2022\/11\/100-Engineering-Projectmanagement-768x512.jpg 768w, https:\/\/www.nefit-industrial.nl\/wp-content\/uploads\/2022\/11\/100-Engineering-Projectmanagement.jpg 1000w\" sizes=\"auto, (max-width: 300px) 100vw, 300px\" \/>                                                              <\/div>\n              <div class=\"box-text text-left\" >\n                 <p>Engineering Projektmanagement<\/p>\n              <\/div>\n            <\/div>\n            <\/a>          <\/div>\n         <\/div><div class=\"gallery-col col\" >\n          <div class=\"col-inner\">\n            <a class=\"image-lightbox lightbox-gallery\" href=\"https:\/\/www.nefit-industrial.nl\/wp-content\/uploads\/2022\/11\/101-Engineering-CAD-tekenen.jpg\" title=\"Engineering CAD Konstrueren\">            <div class=\"box has-hover gallery-box box-none\">\n              <div class=\"box-image image-cover\" style=\"padding-top:56.25%;\">\n                <img loading=\"lazy\" decoding=\"async\" width=\"300\" height=\"200\" src=\"https:\/\/www.nefit-industrial.nl\/wp-content\/uploads\/2022\/11\/101-Engineering-CAD-tekenen-300x200.jpg\" class=\"attachment-medium size-medium\" alt=\"\" ids=\"535,537,539,541,1000,1003\" style=\"none\" columns=\"3\" image_height=\"56.25%\" srcset=\"https:\/\/www.nefit-industrial.nl\/wp-content\/uploads\/2022\/11\/101-Engineering-CAD-tekenen-300x200.jpg 300w, https:\/\/www.nefit-industrial.nl\/wp-content\/uploads\/2022\/11\/101-Engineering-CAD-tekenen-768x512.jpg 768w, https:\/\/www.nefit-industrial.nl\/wp-content\/uploads\/2022\/11\/101-Engineering-CAD-tekenen.jpg 1000w\" sizes=\"auto, (max-width: 300px) 100vw, 300px\" \/>                                                              <\/div>\n              <div class=\"box-text text-left\" >\n                 <p>Engineering CAD Konstrueren<\/p>\n              <\/div>\n            <\/div>\n            <\/a>          <\/div>\n         <\/div><div class=\"gallery-col col\" >\n          <div class=\"col-inner\">\n            <a class=\"image-lightbox lightbox-gallery\" href=\"https:\/\/www.nefit-industrial.nl\/wp-content\/uploads\/2022\/11\/102-Engineering-Gietsimulatie.jpg\" title=\"Engineering Gusssimulation\">            <div class=\"box has-hover gallery-box box-none\">\n              <div class=\"box-image image-cover\" style=\"padding-top:56.25%;\">\n                <img loading=\"lazy\" decoding=\"async\" width=\"300\" height=\"200\" src=\"https:\/\/www.nefit-industrial.nl\/wp-content\/uploads\/2022\/11\/102-Engineering-Gietsimulatie-300x200.jpg\" class=\"attachment-medium size-medium\" alt=\"\" ids=\"535,537,539,541,1000,1003\" style=\"none\" columns=\"3\" image_height=\"56.25%\" srcset=\"https:\/\/www.nefit-industrial.nl\/wp-content\/uploads\/2022\/11\/102-Engineering-Gietsimulatie-300x200.jpg 300w, https:\/\/www.nefit-industrial.nl\/wp-content\/uploads\/2022\/11\/102-Engineering-Gietsimulatie-768x512.jpg 768w, https:\/\/www.nefit-industrial.nl\/wp-content\/uploads\/2022\/11\/102-Engineering-Gietsimulatie.jpg 1000w\" sizes=\"auto, (max-width: 300px) 100vw, 300px\" \/>                                                              <\/div>\n              <div class=\"box-text text-left\" >\n                 <p>Engineering Gusssimulation<\/p>\n              <\/div>\n            <\/div>\n            <\/a>          <\/div>\n         <\/div><div class=\"gallery-col col\" >\n          <div class=\"col-inner\">\n            <a class=\"image-lightbox lightbox-gallery\" href=\"https:\/\/www.nefit-industrial.nl\/wp-content\/uploads\/2022\/11\/103-Engineering-3D-Printer.jpg\" title=\"Engineering 3D Drucken\">            <div class=\"box has-hover gallery-box box-none\">\n              <div class=\"box-image image-cover\" style=\"padding-top:56.25%;\">\n                <img loading=\"lazy\" decoding=\"async\" width=\"300\" height=\"200\" src=\"https:\/\/www.nefit-industrial.nl\/wp-content\/uploads\/2022\/11\/103-Engineering-3D-Printer-300x200.jpg\" class=\"attachment-medium size-medium\" alt=\"\" ids=\"535,537,539,541,1000,1003\" style=\"none\" columns=\"3\" image_height=\"56.25%\" srcset=\"https:\/\/www.nefit-industrial.nl\/wp-content\/uploads\/2022\/11\/103-Engineering-3D-Printer-300x200.jpg 300w, https:\/\/www.nefit-industrial.nl\/wp-content\/uploads\/2022\/11\/103-Engineering-3D-Printer-768x512.jpg 768w, https:\/\/www.nefit-industrial.nl\/wp-content\/uploads\/2022\/11\/103-Engineering-3D-Printer.jpg 1000w\" sizes=\"auto, (max-width: 300px) 100vw, 300px\" \/>                                                              <\/div>\n              <div class=\"box-text text-left\" >\n                 <p>Engineering 3D Drucken<\/p>\n              <\/div>\n            <\/div>\n            <\/a>          <\/div>\n         <\/div><div class=\"gallery-col col\" >\n          <div class=\"col-inner\">\n            <a class=\"image-lightbox lightbox-gallery\" href=\"https:\/\/www.nefit-industrial.nl\/wp-content\/uploads\/2022\/11\/GP-OO-2.jpg\" title=\"Festigkeits Analysen FEM\">            <div class=\"box has-hover gallery-box box-none\">\n              <div class=\"box-image image-cover\" style=\"padding-top:56.25%;\">\n                <img loading=\"lazy\" decoding=\"async\" width=\"300\" height=\"225\" src=\"https:\/\/www.nefit-industrial.nl\/wp-content\/uploads\/2022\/11\/GP-OO-2-300x225.jpg\" class=\"attachment-medium size-medium\" alt=\"\" ids=\"535,537,539,541,1000,1003\" style=\"none\" columns=\"3\" image_height=\"56.25%\" srcset=\"https:\/\/www.nefit-industrial.nl\/wp-content\/uploads\/2022\/11\/GP-OO-2-300x225.jpg 300w, https:\/\/www.nefit-industrial.nl\/wp-content\/uploads\/2022\/11\/GP-OO-2.jpg 500w\" sizes=\"auto, (max-width: 300px) 100vw, 300px\" \/>                                                              <\/div>\n              <div class=\"box-text text-left\" >\n                 <p>Festigkeits Analysen FEM<\/p>\n              <\/div>\n            <\/div>\n            <\/a>          <\/div>\n         <\/div><div class=\"gallery-col col\" >\n          <div class=\"col-inner\">\n            <a class=\"image-lightbox lightbox-gallery\" href=\"https:\/\/www.nefit-industrial.nl\/wp-content\/uploads\/2022\/11\/GP-OO-6.jpg\" title=\"Modellplatten Al\">            <div class=\"box has-hover gallery-box box-none\">\n              <div class=\"box-image image-cover\" style=\"padding-top:56.25%;\">\n                <img loading=\"lazy\" decoding=\"async\" width=\"300\" height=\"225\" src=\"https:\/\/www.nefit-industrial.nl\/wp-content\/uploads\/2022\/11\/GP-OO-6-300x225.jpg\" class=\"attachment-medium size-medium\" alt=\"\" ids=\"535,537,539,541,1000,1003\" style=\"none\" columns=\"3\" image_height=\"56.25%\" srcset=\"https:\/\/www.nefit-industrial.nl\/wp-content\/uploads\/2022\/11\/GP-OO-6-300x225.jpg 300w, https:\/\/www.nefit-industrial.nl\/wp-content\/uploads\/2022\/11\/GP-OO-6.jpg 400w\" sizes=\"auto, (max-width: 300px) 100vw, 300px\" \/>                                                              <\/div>\n              <div class=\"box-text text-left\" >\n                 <p>Modellplatten Al<\/p>\n              <\/div>\n            <\/div>\n            <\/a>          <\/div>\n         <\/div><\/div>\n\n\n\t\t<\/div>\n\t\t\t\t\t<\/div>\n\n\t\n\n<\/div>\n\n\t\t<\/div>\n\n\t\t\n<style>\n#section_1448079170 {\n  padding-top: 0px;\n  padding-bottom: 0px;\n}\n<\/style>\n\t<\/section>\n\t\n\n","protected":false},"excerpt":{"rendered":"","protected":false},"author":1,"featured_media":0,"parent":0,"menu_order":0,"comment_status":"closed","ping_status":"closed","template":"page-blank.php","meta":{"footnotes":""},"class_list":["post-1228","page","type-page","status-publish","hentry"],"yoast_head":"<!-- This site is optimized with the Yoast SEO plugin v27.4 - https:\/\/yoast.com\/product\/yoast-seo-wordpress\/ -->\n<title>Nefit Industrial B.V. - Engineering<\/title>\n<meta name=\"robots\" content=\"index, follow, max-snippet:-1, max-image-preview:large, max-video-preview:-1\" \/>\n<link rel=\"canonical\" href=\"https:\/\/www.nefit-industrial.nl\/de\/engineering\/\" \/>\n<meta property=\"og:locale\" content=\"de_DE\" \/>\n<meta property=\"og:type\" content=\"article\" \/>\n<meta property=\"og:title\" content=\"Nefit Industrial B.V. - Engineering\" \/>\n<meta property=\"og:url\" content=\"https:\/\/www.nefit-industrial.nl\/de\/engineering\/\" \/>\n<meta property=\"og:site_name\" content=\"Nefit Industrial B.V.\" \/>\n<meta property=\"article:modified_time\" content=\"2022-11-24T11:12:17+00:00\" \/>\n<meta name=\"twitter:card\" content=\"summary_large_image\" \/>\n<meta name=\"twitter:label1\" content=\"Gesch\u00e4tzte Lesezeit\" \/>\n\t<meta name=\"twitter:data1\" content=\"1\u00a0Minute\" \/>\n<script type=\"application\/ld+json\" class=\"yoast-schema-graph\">{\"@context\":\"https:\\\/\\\/schema.org\",\"@graph\":[{\"@type\":\"WebPage\",\"@id\":\"https:\\\/\\\/www.nefit-industrial.nl\\\/de\\\/engineering\\\/\",\"url\":\"https:\\\/\\\/www.nefit-industrial.nl\\\/de\\\/engineering\\\/\",\"name\":\"Nefit Industrial B.V. - Engineering\",\"isPartOf\":{\"@id\":\"https:\\\/\\\/www.nefit-industrial.nl\\\/#website\"},\"datePublished\":\"2022-11-22T08:20:02+00:00\",\"dateModified\":\"2022-11-24T11:12:17+00:00\",\"breadcrumb\":{\"@id\":\"https:\\\/\\\/www.nefit-industrial.nl\\\/de\\\/engineering\\\/#breadcrumb\"},\"inLanguage\":\"de\",\"potentialAction\":[{\"@type\":\"ReadAction\",\"target\":[\"https:\\\/\\\/www.nefit-industrial.nl\\\/de\\\/engineering\\\/\"]}]},{\"@type\":\"BreadcrumbList\",\"@id\":\"https:\\\/\\\/www.nefit-industrial.nl\\\/de\\\/engineering\\\/#breadcrumb\",\"itemListElement\":[{\"@type\":\"ListItem\",\"position\":1,\"name\":\"Home\",\"item\":\"https:\\\/\\\/www.nefit-industrial.nl\\\/de\\\/\"},{\"@type\":\"ListItem\",\"position\":2,\"name\":\"Engineering\"}]},{\"@type\":\"WebSite\",\"@id\":\"https:\\\/\\\/www.nefit-industrial.nl\\\/#website\",\"url\":\"https:\\\/\\\/www.nefit-industrial.nl\\\/\",\"name\":\"Nefit Industrial B.V.\",\"description\":\"\",\"publisher\":{\"@id\":\"https:\\\/\\\/www.nefit-industrial.nl\\\/#organization\"},\"potentialAction\":[{\"@type\":\"SearchAction\",\"target\":{\"@type\":\"EntryPoint\",\"urlTemplate\":\"https:\\\/\\\/www.nefit-industrial.nl\\\/?s={search_term_string}\"},\"query-input\":{\"@type\":\"PropertyValueSpecification\",\"valueRequired\":true,\"valueName\":\"search_term_string\"}}],\"inLanguage\":\"de\"},{\"@type\":\"Organization\",\"@id\":\"https:\\\/\\\/www.nefit-industrial.nl\\\/#organization\",\"name\":\"Nefit Industrial B.V.\",\"url\":\"https:\\\/\\\/www.nefit-industrial.nl\\\/\",\"logo\":{\"@type\":\"ImageObject\",\"inLanguage\":\"de\",\"@id\":\"https:\\\/\\\/www.nefit-industrial.nl\\\/#\\\/schema\\\/logo\\\/image\\\/\",\"url\":\"http:\\\/\\\/www.nefit-industrial.nl\\\/wp-content\\\/uploads\\\/2022\\\/11\\\/logo.png\",\"contentUrl\":\"http:\\\/\\\/www.nefit-industrial.nl\\\/wp-content\\\/uploads\\\/2022\\\/11\\\/logo.png\",\"width\":350,\"height\":60,\"caption\":\"Nefit Industrial B.V.\"},\"image\":{\"@id\":\"https:\\\/\\\/www.nefit-industrial.nl\\\/#\\\/schema\\\/logo\\\/image\\\/\"}}]}<\/script>\n<!-- \/ Yoast SEO plugin. -->","yoast_head_json":{"title":"Nefit Industrial B.V. - Engineering","robots":{"index":"index","follow":"follow","max-snippet":"max-snippet:-1","max-image-preview":"max-image-preview:large","max-video-preview":"max-video-preview:-1"},"canonical":"https:\/\/www.nefit-industrial.nl\/de\/engineering\/","og_locale":"de_DE","og_type":"article","og_title":"Nefit Industrial B.V. - Engineering","og_url":"https:\/\/www.nefit-industrial.nl\/de\/engineering\/","og_site_name":"Nefit Industrial B.V.","article_modified_time":"2022-11-24T11:12:17+00:00","twitter_card":"summary_large_image","twitter_misc":{"Gesch\u00e4tzte Lesezeit":"1\u00a0Minute"},"schema":{"@context":"https:\/\/schema.org","@graph":[{"@type":"WebPage","@id":"https:\/\/www.nefit-industrial.nl\/de\/engineering\/","url":"https:\/\/www.nefit-industrial.nl\/de\/engineering\/","name":"Nefit Industrial B.V. - Engineering","isPartOf":{"@id":"https:\/\/www.nefit-industrial.nl\/#website"},"datePublished":"2022-11-22T08:20:02+00:00","dateModified":"2022-11-24T11:12:17+00:00","breadcrumb":{"@id":"https:\/\/www.nefit-industrial.nl\/de\/engineering\/#breadcrumb"},"inLanguage":"de","potentialAction":[{"@type":"ReadAction","target":["https:\/\/www.nefit-industrial.nl\/de\/engineering\/"]}]},{"@type":"BreadcrumbList","@id":"https:\/\/www.nefit-industrial.nl\/de\/engineering\/#breadcrumb","itemListElement":[{"@type":"ListItem","position":1,"name":"Home","item":"https:\/\/www.nefit-industrial.nl\/de\/"},{"@type":"ListItem","position":2,"name":"Engineering"}]},{"@type":"WebSite","@id":"https:\/\/www.nefit-industrial.nl\/#website","url":"https:\/\/www.nefit-industrial.nl\/","name":"Nefit Industrial B.V.","description":"","publisher":{"@id":"https:\/\/www.nefit-industrial.nl\/#organization"},"potentialAction":[{"@type":"SearchAction","target":{"@type":"EntryPoint","urlTemplate":"https:\/\/www.nefit-industrial.nl\/?s={search_term_string}"},"query-input":{"@type":"PropertyValueSpecification","valueRequired":true,"valueName":"search_term_string"}}],"inLanguage":"de"},{"@type":"Organization","@id":"https:\/\/www.nefit-industrial.nl\/#organization","name":"Nefit Industrial B.V.","url":"https:\/\/www.nefit-industrial.nl\/","logo":{"@type":"ImageObject","inLanguage":"de","@id":"https:\/\/www.nefit-industrial.nl\/#\/schema\/logo\/image\/","url":"http:\/\/www.nefit-industrial.nl\/wp-content\/uploads\/2022\/11\/logo.png","contentUrl":"http:\/\/www.nefit-industrial.nl\/wp-content\/uploads\/2022\/11\/logo.png","width":350,"height":60,"caption":"Nefit Industrial B.V."},"image":{"@id":"https:\/\/www.nefit-industrial.nl\/#\/schema\/logo\/image\/"}}]}},"_links":{"self":[{"href":"https:\/\/www.nefit-industrial.nl\/de\/wp-json\/wp\/v2\/pages\/1228","targetHints":{"allow":["GET"]}}],"collection":[{"href":"https:\/\/www.nefit-industrial.nl\/de\/wp-json\/wp\/v2\/pages"}],"about":[{"href":"https:\/\/www.nefit-industrial.nl\/de\/wp-json\/wp\/v2\/types\/page"}],"author":[{"embeddable":true,"href":"https:\/\/www.nefit-industrial.nl\/de\/wp-json\/wp\/v2\/users\/1"}],"replies":[{"embeddable":true,"href":"https:\/\/www.nefit-industrial.nl\/de\/wp-json\/wp\/v2\/comments?post=1228"}],"version-history":[{"count":2,"href":"https:\/\/www.nefit-industrial.nl\/de\/wp-json\/wp\/v2\/pages\/1228\/revisions"}],"predecessor-version":[{"id":1230,"href":"https:\/\/www.nefit-industrial.nl\/de\/wp-json\/wp\/v2\/pages\/1228\/revisions\/1230"}],"wp:attachment":[{"href":"https:\/\/www.nefit-industrial.nl\/de\/wp-json\/wp\/v2\/media?parent=1228"}],"curies":[{"name":"wp","href":"https:\/\/api.w.org\/{rel}","templated":true}]}}