{"id":1222,"date":"2022-11-22T10:00:57","date_gmt":"2022-11-22T10:00:57","guid":{"rendered":"https:\/\/www.nefit-industrial.nl\/nachhaltigkeit\/"},"modified":"2022-11-24T11:00:52","modified_gmt":"2022-11-24T11:00:52","slug":"nachhaltigkeit","status":"publish","type":"page","link":"https:\/\/www.nefit-industrial.nl\/de\/nachhaltigkeit\/","title":{"rendered":"Nachhaltigkeit"},"content":{"rendered":"\n\n\t<section class=\"section\" id=\"section_346689794\">\n\t\t<div class=\"section-bg fill\" >\n\t\t\t\t\t\t\t\t\t\n\t\t\t\n\n\t\t<\/div>\n\n\t\t\n\n\t\t<div class=\"section-content relative\">\n\t\t\t\n\n<div class=\"row\"  id=\"row-61457051\">\n\n\n\t<div id=\"col-527748537\" class=\"col small-12 large-12\"  >\n\t\t\t\t<div class=\"col-inner\"  >\n\t\t\t\n\t\t\t\n\n\t<div id=\"gap-2043610172\" class=\"gap-element clearfix\" style=\"display:block; height:auto;\">\n\t\t\n<style>\n#gap-2043610172 {\n  padding-top: 30px;\n}\n<\/style>\n\t<\/div>\n\t\n\n<h2 style=\"text-align: center; color:#cb3c00\"><strong>IHR PARTNER F\u00dcR GEGOSSENE UND MONTIERTE PRODUKTE<\/strong><\/h2>\n\n\n\t\t<\/div>\n\t\t\t\t\t<\/div>\n\n\t\n\n<\/div>\n\n\t\t<\/div>\n\n\t\t\n<style>\n#section_346689794 {\n  padding-top: 0px;\n  padding-bottom: 0px;\n}\n<\/style>\n\t<\/section>\n\t\n\n\n\t<section class=\"section\" id=\"section_1209791789\">\n\t\t<div class=\"section-bg fill\" >\n\t\t\t\t\t\t\t\t\t\n\t\t\t\n\n\t\t<\/div>\n\n\t\t\n\n\t\t<div class=\"section-content relative\">\n\t\t\t\n\n<div class=\"row\"  id=\"row-869037615\">\n\n\n\t<div id=\"col-536611944\" class=\"col small-12 large-12\"  >\n\t\t\t\t<div class=\"col-inner\"  >\n\t\t\t\n\t\t\t\n\n<div class=\"container section-title-container\" ><h1 class=\"section-title section-title-normal\"><b><\/b><span class=\"section-title-main\" >NACHHALTIGKEIT<\/span><b><\/b><\/h1><\/div>\n\n<p>Von der Entwicklung bis zur Lieferung unseres Gusses streben wir eine optimale, nachhaltige Engineering und Prozessablauf an. Der Schutz der Umwelt ist f\u00fcr unser Gesch\u00e4ftsf\u00fchrung wertvoll, dies wir durch unser Umweltmanagmentsystem, was nach ISO 14001 zertifiziert ist, deutlich. Selbstverst\u00e4ndlich erf\u00fcllen wir alle Gesetz- und Regelgebung unseres Landes und versuchen noch weit dar\u00fcber hinaus unser Unternehmen Umweltbewust zu f\u00fchren.<\/p>\n\n  \n    <div class=\"row large-columns-5 medium-columns-3 small-columns-2\" >\n  <div class=\"gallery-col col\" >\n          <div class=\"col-inner\">\n            <a class=\"image-lightbox lightbox-gallery\" href=\"https:\/\/www.nefit-industrial.nl\/wp-content\/uploads\/2022\/11\/ISO_14001-956x1024.jpg\" title=\"\">            <div class=\"box has-hover gallery-box box-none\">\n              <div class=\"box-image\" style=\"width:70%;\">\n                <img loading=\"lazy\" decoding=\"async\" width=\"280\" height=\"300\" src=\"https:\/\/www.nefit-industrial.nl\/wp-content\/uploads\/2022\/11\/ISO_14001-280x300.jpg\" class=\"attachment-medium size-medium\" alt=\"\" ids=\"1081\" style=\"none\" columns=\"5\" image_width=\"70\" srcset=\"https:\/\/www.nefit-industrial.nl\/wp-content\/uploads\/2022\/11\/ISO_14001-280x300.jpg 280w, https:\/\/www.nefit-industrial.nl\/wp-content\/uploads\/2022\/11\/ISO_14001-956x1024.jpg 956w, https:\/\/www.nefit-industrial.nl\/wp-content\/uploads\/2022\/11\/ISO_14001-768x823.jpg 768w, https:\/\/www.nefit-industrial.nl\/wp-content\/uploads\/2022\/11\/ISO_14001.jpg 992w\" sizes=\"auto, (max-width: 280px) 100vw, 280px\" \/>                                                              <\/div>\n              <div class=\"box-text text-left\" >\n                 <p><\/p>\n              <\/div>\n            <\/div>\n            <\/a>          <\/div>\n         <\/div><\/div>\n\n<p><a href=\"http:\/\/www.nefit-industrial.nl\/wp-content\/uploads\/2022\/11\/Certificaat_ISO_14001-2015_2020-2023.pdf\" target=\"_blank\" rel=\"noopener\" data-wplink-url-error=\"true\">Ansicht: Attest ISO 14001<\/a><\/p>\n\n\t\t<\/div>\n\t\t\t\t\t<\/div>\n\n\t\n\n<\/div>\n\n\t\t<\/div>\n\n\t\t\n<style>\n#section_1209791789 {\n  padding-top: 0px;\n  padding-bottom: 0px;\n}\n<\/style>\n\t<\/section>\n\t\n\n","protected":false},"excerpt":{"rendered":"","protected":false},"author":1,"featured_media":0,"parent":0,"menu_order":0,"comment_status":"closed","ping_status":"closed","template":"page-blank.php","meta":{"footnotes":""},"class_list":["post-1222","page","type-page","status-publish","hentry"],"yoast_head":"<!-- This site is optimized with the Yoast SEO plugin v27.6 - https:\/\/yoast.com\/product\/yoast-seo-wordpress\/ -->\n<title>Nefit Industrial B.V. - Nachhaltigkeit<\/title>\n<meta name=\"robots\" content=\"index, follow, max-snippet:-1, max-image-preview:large, max-video-preview:-1\" \/>\n<link rel=\"canonical\" href=\"https:\/\/www.nefit-industrial.nl\/de\/nachhaltigkeit\/\" \/>\n<meta property=\"og:locale\" content=\"de_DE\" \/>\n<meta property=\"og:type\" content=\"article\" \/>\n<meta property=\"og:title\" content=\"Nefit Industrial B.V. - Nachhaltigkeit\" \/>\n<meta property=\"og:url\" content=\"https:\/\/www.nefit-industrial.nl\/de\/nachhaltigkeit\/\" \/>\n<meta property=\"og:site_name\" content=\"Nefit Industrial B.V.\" \/>\n<meta property=\"article:modified_time\" content=\"2022-11-24T11:00:52+00:00\" \/>\n<meta name=\"twitter:card\" content=\"summary_large_image\" \/>\n<script type=\"application\/ld+json\" class=\"yoast-schema-graph\">{\"@context\":\"https:\\\/\\\/schema.org\",\"@graph\":[{\"@type\":\"WebPage\",\"@id\":\"https:\\\/\\\/www.nefit-industrial.nl\\\/de\\\/nachhaltigkeit\\\/\",\"url\":\"https:\\\/\\\/www.nefit-industrial.nl\\\/de\\\/nachhaltigkeit\\\/\",\"name\":\"Nefit Industrial B.V. - Nachhaltigkeit\",\"isPartOf\":{\"@id\":\"https:\\\/\\\/www.nefit-industrial.nl\\\/#website\"},\"datePublished\":\"2022-11-22T10:00:57+00:00\",\"dateModified\":\"2022-11-24T11:00:52+00:00\",\"breadcrumb\":{\"@id\":\"https:\\\/\\\/www.nefit-industrial.nl\\\/de\\\/nachhaltigkeit\\\/#breadcrumb\"},\"inLanguage\":\"de\",\"potentialAction\":[{\"@type\":\"ReadAction\",\"target\":[\"https:\\\/\\\/www.nefit-industrial.nl\\\/de\\\/nachhaltigkeit\\\/\"]}]},{\"@type\":\"BreadcrumbList\",\"@id\":\"https:\\\/\\\/www.nefit-industrial.nl\\\/de\\\/nachhaltigkeit\\\/#breadcrumb\",\"itemListElement\":[{\"@type\":\"ListItem\",\"position\":1,\"name\":\"Home\",\"item\":\"https:\\\/\\\/www.nefit-industrial.nl\\\/de\\\/\"},{\"@type\":\"ListItem\",\"position\":2,\"name\":\"Nachhaltigkeit\"}]},{\"@type\":\"WebSite\",\"@id\":\"https:\\\/\\\/www.nefit-industrial.nl\\\/#website\",\"url\":\"https:\\\/\\\/www.nefit-industrial.nl\\\/\",\"name\":\"Nefit Industrial B.V.\",\"description\":\"\",\"publisher\":{\"@id\":\"https:\\\/\\\/www.nefit-industrial.nl\\\/#organization\"},\"potentialAction\":[{\"@type\":\"SearchAction\",\"target\":{\"@type\":\"EntryPoint\",\"urlTemplate\":\"https:\\\/\\\/www.nefit-industrial.nl\\\/?s={search_term_string}\"},\"query-input\":{\"@type\":\"PropertyValueSpecification\",\"valueRequired\":true,\"valueName\":\"search_term_string\"}}],\"inLanguage\":\"de\"},{\"@type\":\"Organization\",\"@id\":\"https:\\\/\\\/www.nefit-industrial.nl\\\/#organization\",\"name\":\"Nefit Industrial B.V.\",\"url\":\"https:\\\/\\\/www.nefit-industrial.nl\\\/\",\"logo\":{\"@type\":\"ImageObject\",\"inLanguage\":\"de\",\"@id\":\"https:\\\/\\\/www.nefit-industrial.nl\\\/#\\\/schema\\\/logo\\\/image\\\/\",\"url\":\"http:\\\/\\\/www.nefit-industrial.nl\\\/wp-content\\\/uploads\\\/2022\\\/11\\\/logo.png\",\"contentUrl\":\"http:\\\/\\\/www.nefit-industrial.nl\\\/wp-content\\\/uploads\\\/2022\\\/11\\\/logo.png\",\"width\":350,\"height\":60,\"caption\":\"Nefit Industrial B.V.\"},\"image\":{\"@id\":\"https:\\\/\\\/www.nefit-industrial.nl\\\/#\\\/schema\\\/logo\\\/image\\\/\"}}]}<\/script>\n<!-- \/ Yoast SEO plugin. -->","yoast_head_json":{"title":"Nefit Industrial B.V. - Nachhaltigkeit","robots":{"index":"index","follow":"follow","max-snippet":"max-snippet:-1","max-image-preview":"max-image-preview:large","max-video-preview":"max-video-preview:-1"},"canonical":"https:\/\/www.nefit-industrial.nl\/de\/nachhaltigkeit\/","og_locale":"de_DE","og_type":"article","og_title":"Nefit Industrial B.V. - Nachhaltigkeit","og_url":"https:\/\/www.nefit-industrial.nl\/de\/nachhaltigkeit\/","og_site_name":"Nefit Industrial B.V.","article_modified_time":"2022-11-24T11:00:52+00:00","twitter_card":"summary_large_image","schema":{"@context":"https:\/\/schema.org","@graph":[{"@type":"WebPage","@id":"https:\/\/www.nefit-industrial.nl\/de\/nachhaltigkeit\/","url":"https:\/\/www.nefit-industrial.nl\/de\/nachhaltigkeit\/","name":"Nefit Industrial B.V. - Nachhaltigkeit","isPartOf":{"@id":"https:\/\/www.nefit-industrial.nl\/#website"},"datePublished":"2022-11-22T10:00:57+00:00","dateModified":"2022-11-24T11:00:52+00:00","breadcrumb":{"@id":"https:\/\/www.nefit-industrial.nl\/de\/nachhaltigkeit\/#breadcrumb"},"inLanguage":"de","potentialAction":[{"@type":"ReadAction","target":["https:\/\/www.nefit-industrial.nl\/de\/nachhaltigkeit\/"]}]},{"@type":"BreadcrumbList","@id":"https:\/\/www.nefit-industrial.nl\/de\/nachhaltigkeit\/#breadcrumb","itemListElement":[{"@type":"ListItem","position":1,"name":"Home","item":"https:\/\/www.nefit-industrial.nl\/de\/"},{"@type":"ListItem","position":2,"name":"Nachhaltigkeit"}]},{"@type":"WebSite","@id":"https:\/\/www.nefit-industrial.nl\/#website","url":"https:\/\/www.nefit-industrial.nl\/","name":"Nefit Industrial B.V.","description":"","publisher":{"@id":"https:\/\/www.nefit-industrial.nl\/#organization"},"potentialAction":[{"@type":"SearchAction","target":{"@type":"EntryPoint","urlTemplate":"https:\/\/www.nefit-industrial.nl\/?s={search_term_string}"},"query-input":{"@type":"PropertyValueSpecification","valueRequired":true,"valueName":"search_term_string"}}],"inLanguage":"de"},{"@type":"Organization","@id":"https:\/\/www.nefit-industrial.nl\/#organization","name":"Nefit Industrial B.V.","url":"https:\/\/www.nefit-industrial.nl\/","logo":{"@type":"ImageObject","inLanguage":"de","@id":"https:\/\/www.nefit-industrial.nl\/#\/schema\/logo\/image\/","url":"http:\/\/www.nefit-industrial.nl\/wp-content\/uploads\/2022\/11\/logo.png","contentUrl":"http:\/\/www.nefit-industrial.nl\/wp-content\/uploads\/2022\/11\/logo.png","width":350,"height":60,"caption":"Nefit Industrial B.V."},"image":{"@id":"https:\/\/www.nefit-industrial.nl\/#\/schema\/logo\/image\/"}}]}},"_links":{"self":[{"href":"https:\/\/www.nefit-industrial.nl\/de\/wp-json\/wp\/v2\/pages\/1222","targetHints":{"allow":["GET"]}}],"collection":[{"href":"https:\/\/www.nefit-industrial.nl\/de\/wp-json\/wp\/v2\/pages"}],"about":[{"href":"https:\/\/www.nefit-industrial.nl\/de\/wp-json\/wp\/v2\/types\/page"}],"author":[{"embeddable":true,"href":"https:\/\/www.nefit-industrial.nl\/de\/wp-json\/wp\/v2\/users\/1"}],"replies":[{"embeddable":true,"href":"https:\/\/www.nefit-industrial.nl\/de\/wp-json\/wp\/v2\/comments?post=1222"}],"version-history":[{"count":2,"href":"https:\/\/www.nefit-industrial.nl\/de\/wp-json\/wp\/v2\/pages\/1222\/revisions"}],"predecessor-version":[{"id":1224,"href":"https:\/\/www.nefit-industrial.nl\/de\/wp-json\/wp\/v2\/pages\/1222\/revisions\/1224"}],"wp:attachment":[{"href":"https:\/\/www.nefit-industrial.nl\/de\/wp-json\/wp\/v2\/media?parent=1222"}],"curies":[{"name":"wp","href":"https:\/\/api.w.org\/{rel}","templated":true}]}}