{"id":1205,"date":"2022-11-22T08:30:57","date_gmt":"2022-11-22T08:30:57","guid":{"rendered":"https:\/\/www.nefit-industrial.nl\/bearbeitungen-im-haeuse\/"},"modified":"2022-11-24T10:10:21","modified_gmt":"2022-11-24T10:10:21","slug":"bearbeitungen-im-haeuse","status":"publish","type":"page","link":"https:\/\/www.nefit-industrial.nl\/de\/bearbeitungen-im-haeuse\/","title":{"rendered":"BEARBEITUNGEN IM H\u00c4USE"},"content":{"rendered":"\n\n\t<section class=\"section\" id=\"section_636926208\">\n\t\t<div class=\"section-bg fill\" >\n\t\t\t\t\t\t\t\t\t\n\t\t\t\n\n\t\t<\/div>\n\n\t\t\n\n\t\t<div class=\"section-content relative\">\n\t\t\t\n\n<div class=\"row\"  id=\"row-361588352\">\n\n\n\t<div id=\"col-1425163234\" class=\"col small-12 large-12\"  >\n\t\t\t\t<div class=\"col-inner\"  >\n\t\t\t\n\t\t\t\n\n\t<div id=\"gap-2091139507\" class=\"gap-element clearfix\" style=\"display:block; height:auto;\">\n\t\t\n<style>\n#gap-2091139507 {\n  padding-top: 30px;\n}\n<\/style>\n\t<\/div>\n\t\n\n<h2 style=\"text-align: center; color:#cb3c00\"><strong>IHR PARTNER F\u00dcR GEGOSSENE UND MONTIERTE PRODUKTE<\/strong><\/h2>\n\n\n\t\t<\/div>\n\t\t\t\t\t<\/div>\n\n\t\n\n<\/div>\n\n\t\t<\/div>\n\n\t\t\n<style>\n#section_636926208 {\n  padding-top: 0px;\n  padding-bottom: 0px;\n}\n<\/style>\n\t<\/section>\n\t\n\n\n\t<section class=\"section\" id=\"section_1752286721\">\n\t\t<div class=\"section-bg fill\" >\n\t\t\t\t\t\t\t\t\t\n\t\t\t\n\n\t\t<\/div>\n\n\t\t\n\n\t\t<div class=\"section-content relative\">\n\t\t\t\n\n<div class=\"row\"  id=\"row-1470510752\">\n\n\n\t<div id=\"col-343139679\" class=\"col small-12 large-12\"  >\n\t\t\t\t<div class=\"col-inner\"  >\n\t\t\t\n\t\t\t\n\n<div class=\"container section-title-container\" ><h1 class=\"section-title section-title-normal\"><b><\/b><span class=\"section-title-main\" >BEARBEITUNGEN IM H\u00c4USE<\/span><b><\/b><\/h1><\/div>\n\n<p>Pressen, stanzen, biegen, drehen, fr\u00e4sen, bohren, Gewinde schneiden, zapfen: alles ist m\u00f6glich mit Produkte aus wei\u00dfer Temperguss. Dies wird erm\u00f6glicht durch die spezielle Materialstruktur. Aufgrund dieser Eigenschaften sind viele L\u00f6sungen vorhanden um technisch komplizierte Konstruktionen zu verwirklichen. Unsere Ingenieure und Konstrukteure k\u00f6nnen Ihnen dazu Vorschl\u00e4ge unterbreiten, z.B. eine L\u00f6sung Kombination durch Bearbeitung und nachtr\u00e4gliches Schwei\u00dfen.<\/p>\n<p>Aufgrund unseres Maschinenparks k\u00f6nnen wir Ihnen Endbearbeitete Produkte f\u00fcr Ihren Einsatzfall anbieten.<\/p>\n\n  \n    <div class=\"row large-columns-3 medium-columns- small-columns-2\" >\n  <div class=\"gallery-col col\" >\n          <div class=\"col-inner\">\n            <a class=\"image-lightbox lightbox-gallery\" href=\"https:\/\/www.nefit-industrial.nl\/wp-content\/uploads\/2022\/11\/156Verspaning-FMS-totaal-voor.jpg\" title=\"Bearbeitungsabteilung\">            <div class=\"box has-hover gallery-box box-none\">\n              <div class=\"box-image\" >\n                <img loading=\"lazy\" decoding=\"async\" width=\"300\" height=\"200\" src=\"https:\/\/www.nefit-industrial.nl\/wp-content\/uploads\/2022\/11\/156Verspaning-FMS-totaal-voor-300x200.jpg\" class=\"attachment-medium size-medium\" alt=\"\" ids=\"599,597,603,605,609,611,613,591,595\" style=\"none\" columns=\"3\" srcset=\"https:\/\/www.nefit-industrial.nl\/wp-content\/uploads\/2022\/11\/156Verspaning-FMS-totaal-voor-300x200.jpg 300w, https:\/\/www.nefit-industrial.nl\/wp-content\/uploads\/2022\/11\/156Verspaning-FMS-totaal-voor-768x512.jpg 768w, https:\/\/www.nefit-industrial.nl\/wp-content\/uploads\/2022\/11\/156Verspaning-FMS-totaal-voor.jpg 1000w\" sizes=\"auto, (max-width: 300px) 100vw, 300px\" \/>                                                              <\/div>\n              <div class=\"box-text text-left\" >\n                 <p>Bearbeitungsabteilung<\/p>\n              <\/div>\n            <\/div>\n            <\/a>          <\/div>\n         <\/div><div class=\"gallery-col col\" >\n          <div class=\"col-inner\">\n            <a class=\"image-lightbox lightbox-gallery\" href=\"https:\/\/www.nefit-industrial.nl\/wp-content\/uploads\/2022\/11\/155VerspaningFMS-totaal-gang.jpg\" title=\"Bearbeitungsabteilung FMS\">            <div class=\"box has-hover gallery-box box-none\">\n              <div class=\"box-image\" >\n                <img loading=\"lazy\" decoding=\"async\" width=\"300\" height=\"200\" src=\"https:\/\/www.nefit-industrial.nl\/wp-content\/uploads\/2022\/11\/155VerspaningFMS-totaal-gang-300x200.jpg\" class=\"attachment-medium size-medium\" alt=\"\" ids=\"599,597,603,605,609,611,613,591,595\" style=\"none\" columns=\"3\" srcset=\"https:\/\/www.nefit-industrial.nl\/wp-content\/uploads\/2022\/11\/155VerspaningFMS-totaal-gang-300x200.jpg 300w, https:\/\/www.nefit-industrial.nl\/wp-content\/uploads\/2022\/11\/155VerspaningFMS-totaal-gang-768x512.jpg 768w, https:\/\/www.nefit-industrial.nl\/wp-content\/uploads\/2022\/11\/155VerspaningFMS-totaal-gang.jpg 1000w\" sizes=\"auto, (max-width: 300px) 100vw, 300px\" \/>                                                              <\/div>\n              <div class=\"box-text text-left\" >\n                 <p>Bearbeitungsabteilung FMS<\/p>\n              <\/div>\n            <\/div>\n            <\/a>          <\/div>\n         <\/div><div class=\"gallery-col col\" >\n          <div class=\"col-inner\">\n            <a class=\"image-lightbox lightbox-gallery\" href=\"https:\/\/www.nefit-industrial.nl\/wp-content\/uploads\/2022\/11\/158Verspaning-FMS-laadstation-uit.jpg\" title=\"Bearbeitungsabteilung FMS S\u00e4ule\">            <div class=\"box has-hover gallery-box box-none\">\n              <div class=\"box-image\" >\n                <img loading=\"lazy\" decoding=\"async\" width=\"300\" height=\"200\" src=\"https:\/\/www.nefit-industrial.nl\/wp-content\/uploads\/2022\/11\/158Verspaning-FMS-laadstation-uit-300x200.jpg\" class=\"attachment-medium size-medium\" alt=\"\" ids=\"599,597,603,605,609,611,613,591,595\" style=\"none\" columns=\"3\" srcset=\"https:\/\/www.nefit-industrial.nl\/wp-content\/uploads\/2022\/11\/158Verspaning-FMS-laadstation-uit-300x200.jpg 300w, https:\/\/www.nefit-industrial.nl\/wp-content\/uploads\/2022\/11\/158Verspaning-FMS-laadstation-uit-768x512.jpg 768w, https:\/\/www.nefit-industrial.nl\/wp-content\/uploads\/2022\/11\/158Verspaning-FMS-laadstation-uit.jpg 1000w\" sizes=\"auto, (max-width: 300px) 100vw, 300px\" \/>                                                              <\/div>\n              <div class=\"box-text text-left\" >\n                 <p>Bearbeitungsabteilung FMS S\u00e4ule<\/p>\n              <\/div>\n            <\/div>\n            <\/a>          <\/div>\n         <\/div><div class=\"gallery-col col\" >\n          <div class=\"col-inner\">\n            <a class=\"image-lightbox lightbox-gallery\" href=\"https:\/\/www.nefit-industrial.nl\/wp-content\/uploads\/2022\/11\/159Verspaning-FMS-laadstation-p.jpg\" title=\"Bearbeitungsabteilung FMS Beladung\">            <div class=\"box has-hover gallery-box box-none\">\n              <div class=\"box-image\" >\n                <img loading=\"lazy\" decoding=\"async\" width=\"300\" height=\"200\" src=\"https:\/\/www.nefit-industrial.nl\/wp-content\/uploads\/2022\/11\/159Verspaning-FMS-laadstation-p-300x200.jpg\" class=\"attachment-medium size-medium\" alt=\"\" ids=\"599,597,603,605,609,611,613,591,595\" style=\"none\" columns=\"3\" srcset=\"https:\/\/www.nefit-industrial.nl\/wp-content\/uploads\/2022\/11\/159Verspaning-FMS-laadstation-p-300x200.jpg 300w, https:\/\/www.nefit-industrial.nl\/wp-content\/uploads\/2022\/11\/159Verspaning-FMS-laadstation-p-768x512.jpg 768w, https:\/\/www.nefit-industrial.nl\/wp-content\/uploads\/2022\/11\/159Verspaning-FMS-laadstation-p.jpg 1000w\" sizes=\"auto, (max-width: 300px) 100vw, 300px\" \/>                                                              <\/div>\n              <div class=\"box-text text-left\" >\n                 <p>Bearbeitungsabteilung FMS Beladung<\/p>\n              <\/div>\n            <\/div>\n            <\/a>          <\/div>\n         <\/div><div class=\"gallery-col col\" >\n          <div class=\"col-inner\">\n            <a class=\"image-lightbox lightbox-gallery\" href=\"https:\/\/www.nefit-industrial.nl\/wp-content\/uploads\/2022\/11\/162Verspaning-FMS-zuil-producten.jpg\" title=\"Bearbeitungsabteilung FMS Aufspannung\">            <div class=\"box has-hover gallery-box box-none\">\n              <div class=\"box-image\" >\n                <img loading=\"lazy\" decoding=\"async\" width=\"300\" height=\"200\" src=\"https:\/\/www.nefit-industrial.nl\/wp-content\/uploads\/2022\/11\/162Verspaning-FMS-zuil-producten-300x200.jpg\" class=\"attachment-medium size-medium\" alt=\"\" ids=\"599,597,603,605,609,611,613,591,595\" style=\"none\" columns=\"3\" srcset=\"https:\/\/www.nefit-industrial.nl\/wp-content\/uploads\/2022\/11\/162Verspaning-FMS-zuil-producten-300x200.jpg 300w, https:\/\/www.nefit-industrial.nl\/wp-content\/uploads\/2022\/11\/162Verspaning-FMS-zuil-producten-768x512.jpg 768w, https:\/\/www.nefit-industrial.nl\/wp-content\/uploads\/2022\/11\/162Verspaning-FMS-zuil-producten.jpg 1000w\" sizes=\"auto, (max-width: 300px) 100vw, 300px\" \/>                                                              <\/div>\n              <div class=\"box-text text-left\" >\n                 <p>Bearbeitungsabteilung FMS Aufspannung<\/p>\n              <\/div>\n            <\/div>\n            <\/a>          <\/div>\n         <\/div><div class=\"gallery-col col\" >\n          <div class=\"col-inner\">\n            <a class=\"image-lightbox lightbox-gallery\" href=\"https:\/\/www.nefit-industrial.nl\/wp-content\/uploads\/2022\/11\/163Verspaning-FMS-zuilen-magazijn.jpg\" title=\"Bearbeitungsabteilung FMS Lager\">            <div class=\"box has-hover gallery-box box-none\">\n              <div class=\"box-image\" >\n                <img loading=\"lazy\" decoding=\"async\" width=\"300\" height=\"200\" src=\"https:\/\/www.nefit-industrial.nl\/wp-content\/uploads\/2022\/11\/163Verspaning-FMS-zuilen-magazijn-300x200.jpg\" class=\"attachment-medium size-medium\" alt=\"\" ids=\"599,597,603,605,609,611,613,591,595\" style=\"none\" columns=\"3\" srcset=\"https:\/\/www.nefit-industrial.nl\/wp-content\/uploads\/2022\/11\/163Verspaning-FMS-zuilen-magazijn-300x200.jpg 300w, https:\/\/www.nefit-industrial.nl\/wp-content\/uploads\/2022\/11\/163Verspaning-FMS-zuilen-magazijn-768x512.jpg 768w, https:\/\/www.nefit-industrial.nl\/wp-content\/uploads\/2022\/11\/163Verspaning-FMS-zuilen-magazijn.jpg 1000w\" sizes=\"auto, (max-width: 300px) 100vw, 300px\" \/>                                                              <\/div>\n              <div class=\"box-text text-left\" >\n                 <p>Bearbeitungsabteilung FMS Lager<\/p>\n              <\/div>\n            <\/div>\n            <\/a>          <\/div>\n         <\/div><div class=\"gallery-col col\" >\n          <div class=\"col-inner\">\n            <a class=\"image-lightbox lightbox-gallery\" href=\"https:\/\/www.nefit-industrial.nl\/wp-content\/uploads\/2022\/11\/164Verspaning-bewerking-zuil.jpg\" title=\"Bearbeitungsabteilung FMS Bearbeitung\">            <div class=\"box has-hover gallery-box box-none\">\n              <div class=\"box-image\" >\n                <img loading=\"lazy\" decoding=\"async\" width=\"300\" height=\"200\" src=\"https:\/\/www.nefit-industrial.nl\/wp-content\/uploads\/2022\/11\/164Verspaning-bewerking-zuil-300x200.jpg\" class=\"attachment-medium size-medium\" alt=\"\" ids=\"599,597,603,605,609,611,613,591,595\" style=\"none\" columns=\"3\" srcset=\"https:\/\/www.nefit-industrial.nl\/wp-content\/uploads\/2022\/11\/164Verspaning-bewerking-zuil-300x200.jpg 300w, https:\/\/www.nefit-industrial.nl\/wp-content\/uploads\/2022\/11\/164Verspaning-bewerking-zuil-768x512.jpg 768w, https:\/\/www.nefit-industrial.nl\/wp-content\/uploads\/2022\/11\/164Verspaning-bewerking-zuil.jpg 1000w\" sizes=\"auto, (max-width: 300px) 100vw, 300px\" \/>                                                              <\/div>\n              <div class=\"box-text text-left\" >\n                 <p>Bearbeitungsabteilung FMS Bearbeitung<\/p>\n              <\/div>\n            <\/div>\n            <\/a>          <\/div>\n         <\/div><div class=\"gallery-col col\" >\n          <div class=\"col-inner\">\n            <a class=\"image-lightbox lightbox-gallery\" href=\"https:\/\/www.nefit-industrial.nl\/wp-content\/uploads\/2022\/11\/150Verspaning-bewerking-tafel.jpg\" title=\"Verspaning bewerking\">            <div class=\"box has-hover gallery-box box-none\">\n              <div class=\"box-image\" >\n                <img loading=\"lazy\" decoding=\"async\" width=\"300\" height=\"200\" src=\"https:\/\/www.nefit-industrial.nl\/wp-content\/uploads\/2022\/11\/150Verspaning-bewerking-tafel-300x200.jpg\" class=\"attachment-medium size-medium\" alt=\"\" ids=\"599,597,603,605,609,611,613,591,595\" style=\"none\" columns=\"3\" srcset=\"https:\/\/www.nefit-industrial.nl\/wp-content\/uploads\/2022\/11\/150Verspaning-bewerking-tafel-300x200.jpg 300w, https:\/\/www.nefit-industrial.nl\/wp-content\/uploads\/2022\/11\/150Verspaning-bewerking-tafel-768x512.jpg 768w, https:\/\/www.nefit-industrial.nl\/wp-content\/uploads\/2022\/11\/150Verspaning-bewerking-tafel.jpg 1000w\" sizes=\"auto, (max-width: 300px) 100vw, 300px\" \/>                                                              <\/div>\n              <div class=\"box-text text-left\" >\n                 <p>Verspaning bewerking<\/p>\n              <\/div>\n            <\/div>\n            <\/a>          <\/div>\n         <\/div><div class=\"gallery-col col\" >\n          <div class=\"col-inner\">\n            <a class=\"image-lightbox lightbox-gallery\" href=\"https:\/\/www.nefit-industrial.nl\/wp-content\/uploads\/2022\/11\/152Verspaning-robot.jpg\" title=\"Bearbeitungsabteilung Roboterzelle\">            <div class=\"box has-hover gallery-box box-none\">\n              <div class=\"box-image\" >\n                <img loading=\"lazy\" decoding=\"async\" width=\"300\" height=\"200\" src=\"https:\/\/www.nefit-industrial.nl\/wp-content\/uploads\/2022\/11\/152Verspaning-robot-300x200.jpg\" class=\"attachment-medium size-medium\" alt=\"\" ids=\"599,597,603,605,609,611,613,591,595\" style=\"none\" columns=\"3\" srcset=\"https:\/\/www.nefit-industrial.nl\/wp-content\/uploads\/2022\/11\/152Verspaning-robot-300x200.jpg 300w, https:\/\/www.nefit-industrial.nl\/wp-content\/uploads\/2022\/11\/152Verspaning-robot-768x512.jpg 768w, https:\/\/www.nefit-industrial.nl\/wp-content\/uploads\/2022\/11\/152Verspaning-robot.jpg 1000w\" sizes=\"auto, (max-width: 300px) 100vw, 300px\" \/>                                                              <\/div>\n              <div class=\"box-text text-left\" >\n                 <p>Bearbeitungsabteilung Roboterzelle<\/p>\n              <\/div>\n            <\/div>\n            <\/a>          <\/div>\n         <\/div><\/div>\n\n\n\t\t<\/div>\n\t\t\t\t\t<\/div>\n\n\t\n\n<\/div>\n\n\t\t<\/div>\n\n\t\t\n<style>\n#section_1752286721 {\n  padding-top: 0px;\n  padding-bottom: 0px;\n}\n<\/style>\n\t<\/section>\n\t\n\n","protected":false},"excerpt":{"rendered":"","protected":false},"author":1,"featured_media":0,"parent":0,"menu_order":0,"comment_status":"closed","ping_status":"closed","template":"page-blank.php","meta":{"footnotes":""},"class_list":["post-1205","page","type-page","status-publish","hentry"],"yoast_head":"<!-- This site is optimized with the Yoast SEO plugin v27.4 - https:\/\/yoast.com\/product\/yoast-seo-wordpress\/ -->\n<title>Nefit Industrial B.V. - BEARBEITUNGEN IM H\u00c4USE<\/title>\n<meta name=\"robots\" content=\"index, follow, max-snippet:-1, max-image-preview:large, max-video-preview:-1\" \/>\n<link rel=\"canonical\" href=\"https:\/\/www.nefit-industrial.nl\/de\/bearbeitungen-im-haeuse\/\" \/>\n<meta property=\"og:locale\" content=\"de_DE\" \/>\n<meta property=\"og:type\" content=\"article\" \/>\n<meta property=\"og:title\" content=\"Nefit Industrial B.V. - BEARBEITUNGEN IM H\u00c4USE\" \/>\n<meta property=\"og:url\" content=\"https:\/\/www.nefit-industrial.nl\/de\/bearbeitungen-im-haeuse\/\" \/>\n<meta property=\"og:site_name\" content=\"Nefit Industrial B.V.\" \/>\n<meta property=\"article:modified_time\" content=\"2022-11-24T10:10:21+00:00\" \/>\n<meta name=\"twitter:card\" content=\"summary_large_image\" \/>\n<meta name=\"twitter:label1\" content=\"Gesch\u00e4tzte Lesezeit\" \/>\n\t<meta name=\"twitter:data1\" content=\"1\u00a0Minute\" \/>\n<script type=\"application\/ld+json\" class=\"yoast-schema-graph\">{\"@context\":\"https:\\\/\\\/schema.org\",\"@graph\":[{\"@type\":\"WebPage\",\"@id\":\"https:\\\/\\\/www.nefit-industrial.nl\\\/de\\\/bearbeitungen-im-haeuse\\\/\",\"url\":\"https:\\\/\\\/www.nefit-industrial.nl\\\/de\\\/bearbeitungen-im-haeuse\\\/\",\"name\":\"Nefit Industrial B.V. - BEARBEITUNGEN IM H\u00c4USE\",\"isPartOf\":{\"@id\":\"https:\\\/\\\/www.nefit-industrial.nl\\\/#website\"},\"datePublished\":\"2022-11-22T08:30:57+00:00\",\"dateModified\":\"2022-11-24T10:10:21+00:00\",\"breadcrumb\":{\"@id\":\"https:\\\/\\\/www.nefit-industrial.nl\\\/de\\\/bearbeitungen-im-haeuse\\\/#breadcrumb\"},\"inLanguage\":\"de\",\"potentialAction\":[{\"@type\":\"ReadAction\",\"target\":[\"https:\\\/\\\/www.nefit-industrial.nl\\\/de\\\/bearbeitungen-im-haeuse\\\/\"]}]},{\"@type\":\"BreadcrumbList\",\"@id\":\"https:\\\/\\\/www.nefit-industrial.nl\\\/de\\\/bearbeitungen-im-haeuse\\\/#breadcrumb\",\"itemListElement\":[{\"@type\":\"ListItem\",\"position\":1,\"name\":\"Home\",\"item\":\"https:\\\/\\\/www.nefit-industrial.nl\\\/de\\\/\"},{\"@type\":\"ListItem\",\"position\":2,\"name\":\"BEARBEITUNGEN IM H\u00c4USE\"}]},{\"@type\":\"WebSite\",\"@id\":\"https:\\\/\\\/www.nefit-industrial.nl\\\/#website\",\"url\":\"https:\\\/\\\/www.nefit-industrial.nl\\\/\",\"name\":\"Nefit Industrial B.V.\",\"description\":\"\",\"publisher\":{\"@id\":\"https:\\\/\\\/www.nefit-industrial.nl\\\/#organization\"},\"potentialAction\":[{\"@type\":\"SearchAction\",\"target\":{\"@type\":\"EntryPoint\",\"urlTemplate\":\"https:\\\/\\\/www.nefit-industrial.nl\\\/?s={search_term_string}\"},\"query-input\":{\"@type\":\"PropertyValueSpecification\",\"valueRequired\":true,\"valueName\":\"search_term_string\"}}],\"inLanguage\":\"de\"},{\"@type\":\"Organization\",\"@id\":\"https:\\\/\\\/www.nefit-industrial.nl\\\/#organization\",\"name\":\"Nefit Industrial B.V.\",\"url\":\"https:\\\/\\\/www.nefit-industrial.nl\\\/\",\"logo\":{\"@type\":\"ImageObject\",\"inLanguage\":\"de\",\"@id\":\"https:\\\/\\\/www.nefit-industrial.nl\\\/#\\\/schema\\\/logo\\\/image\\\/\",\"url\":\"http:\\\/\\\/www.nefit-industrial.nl\\\/wp-content\\\/uploads\\\/2022\\\/11\\\/logo.png\",\"contentUrl\":\"http:\\\/\\\/www.nefit-industrial.nl\\\/wp-content\\\/uploads\\\/2022\\\/11\\\/logo.png\",\"width\":350,\"height\":60,\"caption\":\"Nefit Industrial B.V.\"},\"image\":{\"@id\":\"https:\\\/\\\/www.nefit-industrial.nl\\\/#\\\/schema\\\/logo\\\/image\\\/\"}}]}<\/script>\n<!-- \/ Yoast SEO plugin. -->","yoast_head_json":{"title":"Nefit Industrial B.V. - BEARBEITUNGEN IM H\u00c4USE","robots":{"index":"index","follow":"follow","max-snippet":"max-snippet:-1","max-image-preview":"max-image-preview:large","max-video-preview":"max-video-preview:-1"},"canonical":"https:\/\/www.nefit-industrial.nl\/de\/bearbeitungen-im-haeuse\/","og_locale":"de_DE","og_type":"article","og_title":"Nefit Industrial B.V. - BEARBEITUNGEN IM H\u00c4USE","og_url":"https:\/\/www.nefit-industrial.nl\/de\/bearbeitungen-im-haeuse\/","og_site_name":"Nefit Industrial B.V.","article_modified_time":"2022-11-24T10:10:21+00:00","twitter_card":"summary_large_image","twitter_misc":{"Gesch\u00e4tzte Lesezeit":"1\u00a0Minute"},"schema":{"@context":"https:\/\/schema.org","@graph":[{"@type":"WebPage","@id":"https:\/\/www.nefit-industrial.nl\/de\/bearbeitungen-im-haeuse\/","url":"https:\/\/www.nefit-industrial.nl\/de\/bearbeitungen-im-haeuse\/","name":"Nefit Industrial B.V. - BEARBEITUNGEN IM H\u00c4USE","isPartOf":{"@id":"https:\/\/www.nefit-industrial.nl\/#website"},"datePublished":"2022-11-22T08:30:57+00:00","dateModified":"2022-11-24T10:10:21+00:00","breadcrumb":{"@id":"https:\/\/www.nefit-industrial.nl\/de\/bearbeitungen-im-haeuse\/#breadcrumb"},"inLanguage":"de","potentialAction":[{"@type":"ReadAction","target":["https:\/\/www.nefit-industrial.nl\/de\/bearbeitungen-im-haeuse\/"]}]},{"@type":"BreadcrumbList","@id":"https:\/\/www.nefit-industrial.nl\/de\/bearbeitungen-im-haeuse\/#breadcrumb","itemListElement":[{"@type":"ListItem","position":1,"name":"Home","item":"https:\/\/www.nefit-industrial.nl\/de\/"},{"@type":"ListItem","position":2,"name":"BEARBEITUNGEN IM H\u00c4USE"}]},{"@type":"WebSite","@id":"https:\/\/www.nefit-industrial.nl\/#website","url":"https:\/\/www.nefit-industrial.nl\/","name":"Nefit Industrial B.V.","description":"","publisher":{"@id":"https:\/\/www.nefit-industrial.nl\/#organization"},"potentialAction":[{"@type":"SearchAction","target":{"@type":"EntryPoint","urlTemplate":"https:\/\/www.nefit-industrial.nl\/?s={search_term_string}"},"query-input":{"@type":"PropertyValueSpecification","valueRequired":true,"valueName":"search_term_string"}}],"inLanguage":"de"},{"@type":"Organization","@id":"https:\/\/www.nefit-industrial.nl\/#organization","name":"Nefit Industrial B.V.","url":"https:\/\/www.nefit-industrial.nl\/","logo":{"@type":"ImageObject","inLanguage":"de","@id":"https:\/\/www.nefit-industrial.nl\/#\/schema\/logo\/image\/","url":"http:\/\/www.nefit-industrial.nl\/wp-content\/uploads\/2022\/11\/logo.png","contentUrl":"http:\/\/www.nefit-industrial.nl\/wp-content\/uploads\/2022\/11\/logo.png","width":350,"height":60,"caption":"Nefit Industrial B.V."},"image":{"@id":"https:\/\/www.nefit-industrial.nl\/#\/schema\/logo\/image\/"}}]}},"_links":{"self":[{"href":"https:\/\/www.nefit-industrial.nl\/de\/wp-json\/wp\/v2\/pages\/1205","targetHints":{"allow":["GET"]}}],"collection":[{"href":"https:\/\/www.nefit-industrial.nl\/de\/wp-json\/wp\/v2\/pages"}],"about":[{"href":"https:\/\/www.nefit-industrial.nl\/de\/wp-json\/wp\/v2\/types\/page"}],"author":[{"embeddable":true,"href":"https:\/\/www.nefit-industrial.nl\/de\/wp-json\/wp\/v2\/users\/1"}],"replies":[{"embeddable":true,"href":"https:\/\/www.nefit-industrial.nl\/de\/wp-json\/wp\/v2\/comments?post=1205"}],"version-history":[{"count":2,"href":"https:\/\/www.nefit-industrial.nl\/de\/wp-json\/wp\/v2\/pages\/1205\/revisions"}],"predecessor-version":[{"id":1207,"href":"https:\/\/www.nefit-industrial.nl\/de\/wp-json\/wp\/v2\/pages\/1205\/revisions\/1207"}],"wp:attachment":[{"href":"https:\/\/www.nefit-industrial.nl\/de\/wp-json\/wp\/v2\/media?parent=1205"}],"curies":[{"name":"wp","href":"https:\/\/api.w.org\/{rel}","templated":true}]}}