{"id":1184,"date":"2022-11-22T09:08:05","date_gmt":"2022-11-22T09:08:05","guid":{"rendered":"https:\/\/www.nefit-industrial.nl\/montage-2\/"},"modified":"2022-11-24T10:00:19","modified_gmt":"2022-11-24T10:00:19","slug":"montage-2","status":"publish","type":"page","link":"https:\/\/www.nefit-industrial.nl\/de\/montage-2\/","title":{"rendered":"MONTAGE"},"content":{"rendered":"\n\n\t<section class=\"section\" id=\"section_625001996\">\n\t\t<div class=\"section-bg fill\" >\n\t\t\t\t\t\t\t\t\t\n\t\t\t\n\n\t\t<\/div>\n\n\t\t\n\n\t\t<div class=\"section-content relative\">\n\t\t\t\n\n<div class=\"row\"  id=\"row-1006451342\">\n\n\n\t<div id=\"col-716886585\" class=\"col small-12 large-12\"  >\n\t\t\t\t<div class=\"col-inner\"  >\n\t\t\t\n\t\t\t\n\n\t<div id=\"gap-387959297\" class=\"gap-element clearfix\" style=\"display:block; height:auto;\">\n\t\t\n<style>\n#gap-387959297 {\n  padding-top: 30px;\n}\n<\/style>\n\t<\/div>\n\t\n\n<h2 style=\"text-align: center; color:#cb3c00\"><strong>IHR PARTNER F\u00dcR GEGOSSENE UND MONTIERTE PRODUKTE<\/strong><\/h2>\n\n\n\t\t<\/div>\n\t\t\t\t\t<\/div>\n\n\t\n\n<\/div>\n\n\t\t<\/div>\n\n\t\t\n<style>\n#section_625001996 {\n  padding-top: 0px;\n  padding-bottom: 0px;\n}\n<\/style>\n\t<\/section>\n\t\n\n\n\t<section class=\"section\" id=\"section_1746277552\">\n\t\t<div class=\"section-bg fill\" >\n\t\t\t\t\t\t\t\t\t\n\t\t\t\n\n\t\t<\/div>\n\n\t\t\n\n\t\t<div class=\"section-content relative\">\n\t\t\t\n\n<div class=\"row\"  id=\"row-1086940718\">\n\n\n\t<div id=\"col-1711722524\" class=\"col small-12 large-12\"  >\n\t\t\t\t<div class=\"col-inner\"  >\n\t\t\t\n\t\t\t\n\n<div class=\"container section-title-container\" ><h1 class=\"section-title section-title-normal\"><b><\/b><span class=\"section-title-main\" >MONTAGE<\/span><b><\/b><\/h1><\/div>\n\n<p>Wenn m\u00f6glich k\u00f6nnen wir Ihnen auch das Montieren von Gussteile mit anderen Komponenten in unserem Hause anbieten. Auch hier gilt: Ma\u00dfsgeschneiderte Angebote. Eine Montage kann mit von uns eingekauften Teile oder vom Ihnen als Kunden zugeliefertes Material erfolgen. In unseres neue und moderne Werk gegen\u00fcber unserem Hauptwerk sind wir komplett ausgestattet um Zerspannungs- und Montagearbeiten, Lagerungs- und Entwicklungsarbeit durchzuf\u00fchren. Selbstverst\u00e4ndlich sind f\u00fcr uns auch die ben\u00f6tigten Testen und Pr\u00fcfungen an den jeweiligen Komponenten aus zu f\u00fchren.<\/p>\n\n  \n    <div class=\"row large-columns-3 medium-columns- small-columns-2\" >\n  <div class=\"gallery-col col\" >\n          <div class=\"col-inner\">\n            <a class=\"image-lightbox lightbox-gallery\" href=\"https:\/\/www.nefit-industrial.nl\/wp-content\/uploads\/2022\/11\/171Montage-sets-totaal.jpg\" title=\"Montage Sets\">            <div class=\"box has-hover gallery-box box-none\">\n              <div class=\"box-image\" >\n                <img loading=\"lazy\" decoding=\"async\" width=\"300\" height=\"200\" src=\"https:\/\/www.nefit-industrial.nl\/wp-content\/uploads\/2022\/11\/171Montage-sets-totaal-300x200.jpg\" class=\"attachment-medium size-medium\" alt=\"\" ids=\"617,619,621,623,625,627,629,631,633\" style=\"none\" columns=\"3\" srcset=\"https:\/\/www.nefit-industrial.nl\/wp-content\/uploads\/2022\/11\/171Montage-sets-totaal-300x200.jpg 300w, https:\/\/www.nefit-industrial.nl\/wp-content\/uploads\/2022\/11\/171Montage-sets-totaal-768x512.jpg 768w, https:\/\/www.nefit-industrial.nl\/wp-content\/uploads\/2022\/11\/171Montage-sets-totaal.jpg 1000w\" sizes=\"auto, (max-width: 300px) 100vw, 300px\" \/>                                                              <\/div>\n              <div class=\"box-text text-left\" >\n                 <p>Montage Sets<\/p>\n              <\/div>\n            <\/div>\n            <\/a>          <\/div>\n         <\/div><div class=\"gallery-col col\" >\n          <div class=\"col-inner\">\n            <a class=\"image-lightbox lightbox-gallery\" href=\"https:\/\/www.nefit-industrial.nl\/wp-content\/uploads\/2022\/11\/172Montage-sets-H-gietstuk.jpg\" title=\"Montage Sets H-Teil\">            <div class=\"box has-hover gallery-box box-none\">\n              <div class=\"box-image\" >\n                <img loading=\"lazy\" decoding=\"async\" width=\"300\" height=\"200\" src=\"https:\/\/www.nefit-industrial.nl\/wp-content\/uploads\/2022\/11\/172Montage-sets-H-gietstuk-300x200.jpg\" class=\"attachment-medium size-medium\" alt=\"\" ids=\"617,619,621,623,625,627,629,631,633\" style=\"none\" columns=\"3\" srcset=\"https:\/\/www.nefit-industrial.nl\/wp-content\/uploads\/2022\/11\/172Montage-sets-H-gietstuk-300x200.jpg 300w, https:\/\/www.nefit-industrial.nl\/wp-content\/uploads\/2022\/11\/172Montage-sets-H-gietstuk-768x512.jpg 768w, https:\/\/www.nefit-industrial.nl\/wp-content\/uploads\/2022\/11\/172Montage-sets-H-gietstuk.jpg 1000w\" sizes=\"auto, (max-width: 300px) 100vw, 300px\" \/>                                                              <\/div>\n              <div class=\"box-text text-left\" >\n                 <p>Montage Sets H-Teil<\/p>\n              <\/div>\n            <\/div>\n            <\/a>          <\/div>\n         <\/div><div class=\"gallery-col col\" >\n          <div class=\"col-inner\">\n            <a class=\"image-lightbox lightbox-gallery\" href=\"https:\/\/www.nefit-industrial.nl\/wp-content\/uploads\/2022\/11\/173Montage-sets-test.jpg\" title=\"Montage Sets Test\">            <div class=\"box has-hover gallery-box box-none\">\n              <div class=\"box-image\" >\n                <img loading=\"lazy\" decoding=\"async\" width=\"300\" height=\"200\" src=\"https:\/\/www.nefit-industrial.nl\/wp-content\/uploads\/2022\/11\/173Montage-sets-test-300x200.jpg\" class=\"attachment-medium size-medium\" alt=\"\" ids=\"617,619,621,623,625,627,629,631,633\" style=\"none\" columns=\"3\" srcset=\"https:\/\/www.nefit-industrial.nl\/wp-content\/uploads\/2022\/11\/173Montage-sets-test-300x200.jpg 300w, https:\/\/www.nefit-industrial.nl\/wp-content\/uploads\/2022\/11\/173Montage-sets-test-768x512.jpg 768w, https:\/\/www.nefit-industrial.nl\/wp-content\/uploads\/2022\/11\/173Montage-sets-test.jpg 1000w\" sizes=\"auto, (max-width: 300px) 100vw, 300px\" \/>                                                              <\/div>\n              <div class=\"box-text text-left\" >\n                 <p>Montage Sets Test<\/p>\n              <\/div>\n            <\/div>\n            <\/a>          <\/div>\n         <\/div><div class=\"gallery-col col\" >\n          <div class=\"col-inner\">\n            <a class=\"image-lightbox lightbox-gallery\" href=\"https:\/\/www.nefit-industrial.nl\/wp-content\/uploads\/2022\/11\/174Montage-sets.jpg\" title=\"Montage Sets komplet\">            <div class=\"box has-hover gallery-box box-none\">\n              <div class=\"box-image\" >\n                <img loading=\"lazy\" decoding=\"async\" width=\"300\" height=\"200\" src=\"https:\/\/www.nefit-industrial.nl\/wp-content\/uploads\/2022\/11\/174Montage-sets-300x200.jpg\" class=\"attachment-medium size-medium\" alt=\"\" ids=\"617,619,621,623,625,627,629,631,633\" style=\"none\" columns=\"3\" srcset=\"https:\/\/www.nefit-industrial.nl\/wp-content\/uploads\/2022\/11\/174Montage-sets-300x200.jpg 300w, https:\/\/www.nefit-industrial.nl\/wp-content\/uploads\/2022\/11\/174Montage-sets-768x512.jpg 768w, https:\/\/www.nefit-industrial.nl\/wp-content\/uploads\/2022\/11\/174Montage-sets.jpg 1000w\" sizes=\"auto, (max-width: 300px) 100vw, 300px\" \/>                                                              <\/div>\n              <div class=\"box-text text-left\" >\n                 <p>Montage Sets komplet<\/p>\n              <\/div>\n            <\/div>\n            <\/a>          <\/div>\n         <\/div><div class=\"gallery-col col\" >\n          <div class=\"col-inner\">\n            <a class=\"image-lightbox lightbox-gallery\" href=\"https:\/\/www.nefit-industrial.nl\/wp-content\/uploads\/2022\/11\/175Montage-sets-Isolatie.jpg\" title=\"Montage Sets Isolierung\">            <div class=\"box has-hover gallery-box box-none\">\n              <div class=\"box-image\" >\n                <img loading=\"lazy\" decoding=\"async\" width=\"300\" height=\"200\" src=\"https:\/\/www.nefit-industrial.nl\/wp-content\/uploads\/2022\/11\/175Montage-sets-Isolatie-300x200.jpg\" class=\"attachment-medium size-medium\" alt=\"\" ids=\"617,619,621,623,625,627,629,631,633\" style=\"none\" columns=\"3\" srcset=\"https:\/\/www.nefit-industrial.nl\/wp-content\/uploads\/2022\/11\/175Montage-sets-Isolatie-300x200.jpg 300w, https:\/\/www.nefit-industrial.nl\/wp-content\/uploads\/2022\/11\/175Montage-sets-Isolatie-768x512.jpg 768w, https:\/\/www.nefit-industrial.nl\/wp-content\/uploads\/2022\/11\/175Montage-sets-Isolatie.jpg 1000w\" sizes=\"auto, (max-width: 300px) 100vw, 300px\" \/>                                                              <\/div>\n              <div class=\"box-text text-left\" >\n                 <p>Montage Sets Isolierung<\/p>\n              <\/div>\n            <\/div>\n            <\/a>          <\/div>\n         <\/div><div class=\"gallery-col col\" >\n          <div class=\"col-inner\">\n            <a class=\"image-lightbox lightbox-gallery\" href=\"https:\/\/www.nefit-industrial.nl\/wp-content\/uploads\/2022\/11\/180Montage-automobiel-inpersen.jpg\" title=\"Montage Automobil Kugelbolzen\">            <div class=\"box has-hover gallery-box box-none\">\n              <div class=\"box-image\" >\n                <img loading=\"lazy\" decoding=\"async\" width=\"300\" height=\"200\" src=\"https:\/\/www.nefit-industrial.nl\/wp-content\/uploads\/2022\/11\/180Montage-automobiel-inpersen-300x200.jpg\" class=\"attachment-medium size-medium\" alt=\"\" ids=\"617,619,621,623,625,627,629,631,633\" style=\"none\" columns=\"3\" srcset=\"https:\/\/www.nefit-industrial.nl\/wp-content\/uploads\/2022\/11\/180Montage-automobiel-inpersen-300x200.jpg 300w, https:\/\/www.nefit-industrial.nl\/wp-content\/uploads\/2022\/11\/180Montage-automobiel-inpersen-768x512.jpg 768w, https:\/\/www.nefit-industrial.nl\/wp-content\/uploads\/2022\/11\/180Montage-automobiel-inpersen.jpg 1000w\" sizes=\"auto, (max-width: 300px) 100vw, 300px\" \/>                                                              <\/div>\n              <div class=\"box-text text-left\" >\n                 <p>Montage Automobil Kugelbolzen<\/p>\n              <\/div>\n            <\/div>\n            <\/a>          <\/div>\n         <\/div><div class=\"gallery-col col\" >\n          <div class=\"col-inner\">\n            <a class=\"image-lightbox lightbox-gallery\" href=\"https:\/\/www.nefit-industrial.nl\/wp-content\/uploads\/2022\/11\/181Montage-automobiel-gereed.jpg\" title=\"Montage Automobil Kugelbolzen Output\">            <div class=\"box has-hover gallery-box box-none\">\n              <div class=\"box-image\" >\n                <img loading=\"lazy\" decoding=\"async\" width=\"300\" height=\"200\" src=\"https:\/\/www.nefit-industrial.nl\/wp-content\/uploads\/2022\/11\/181Montage-automobiel-gereed-300x200.jpg\" class=\"attachment-medium size-medium\" alt=\"\" ids=\"617,619,621,623,625,627,629,631,633\" style=\"none\" columns=\"3\" srcset=\"https:\/\/www.nefit-industrial.nl\/wp-content\/uploads\/2022\/11\/181Montage-automobiel-gereed-300x200.jpg 300w, https:\/\/www.nefit-industrial.nl\/wp-content\/uploads\/2022\/11\/181Montage-automobiel-gereed-768x512.jpg 768w, https:\/\/www.nefit-industrial.nl\/wp-content\/uploads\/2022\/11\/181Montage-automobiel-gereed.jpg 1000w\" sizes=\"auto, (max-width: 300px) 100vw, 300px\" \/>                                                              <\/div>\n              <div class=\"box-text text-left\" >\n                 <p>Montage Automobil Kugelbolzen Output<\/p>\n              <\/div>\n            <\/div>\n            <\/a>          <\/div>\n         <\/div><div class=\"gallery-col col\" >\n          <div class=\"col-inner\">\n            <a class=\"image-lightbox lightbox-gallery\" href=\"https:\/\/www.nefit-industrial.nl\/wp-content\/uploads\/2022\/11\/182Montage-automobiel-totaal.jpg\" title=\"Montage Automobil\">            <div class=\"box has-hover gallery-box box-none\">\n              <div class=\"box-image\" >\n                <img loading=\"lazy\" decoding=\"async\" width=\"300\" height=\"200\" src=\"https:\/\/www.nefit-industrial.nl\/wp-content\/uploads\/2022\/11\/182Montage-automobiel-totaal-300x200.jpg\" class=\"attachment-medium size-medium\" alt=\"\" ids=\"617,619,621,623,625,627,629,631,633\" style=\"none\" columns=\"3\" srcset=\"https:\/\/www.nefit-industrial.nl\/wp-content\/uploads\/2022\/11\/182Montage-automobiel-totaal-300x200.jpg 300w, https:\/\/www.nefit-industrial.nl\/wp-content\/uploads\/2022\/11\/182Montage-automobiel-totaal-768x512.jpg 768w, https:\/\/www.nefit-industrial.nl\/wp-content\/uploads\/2022\/11\/182Montage-automobiel-totaal.jpg 1000w\" sizes=\"auto, (max-width: 300px) 100vw, 300px\" \/>                                                              <\/div>\n              <div class=\"box-text text-left\" >\n                 <p>Montage Automobil<\/p>\n              <\/div>\n            <\/div>\n            <\/a>          <\/div>\n         <\/div><div class=\"gallery-col col\" >\n          <div class=\"col-inner\">\n            <a class=\"image-lightbox lightbox-gallery\" href=\"https:\/\/www.nefit-industrial.nl\/wp-content\/uploads\/2022\/11\/183Montage-automobiel-leiding.jpg\" title=\"Montage Automobil Leitung\">            <div class=\"box has-hover gallery-box box-none\">\n              <div class=\"box-image\" >\n                <img loading=\"lazy\" decoding=\"async\" width=\"300\" height=\"200\" src=\"https:\/\/www.nefit-industrial.nl\/wp-content\/uploads\/2022\/11\/183Montage-automobiel-leiding-300x200.jpg\" class=\"attachment-medium size-medium\" alt=\"\" ids=\"617,619,621,623,625,627,629,631,633\" style=\"none\" columns=\"3\" srcset=\"https:\/\/www.nefit-industrial.nl\/wp-content\/uploads\/2022\/11\/183Montage-automobiel-leiding-300x200.jpg 300w, https:\/\/www.nefit-industrial.nl\/wp-content\/uploads\/2022\/11\/183Montage-automobiel-leiding-768x512.jpg 768w, https:\/\/www.nefit-industrial.nl\/wp-content\/uploads\/2022\/11\/183Montage-automobiel-leiding.jpg 1000w\" sizes=\"auto, (max-width: 300px) 100vw, 300px\" \/>                                                              <\/div>\n              <div class=\"box-text text-left\" >\n                 <p>Montage Automobil Leitung<\/p>\n              <\/div>\n            <\/div>\n            <\/a>          <\/div>\n         <\/div><\/div>\n\n\n\t\t<\/div>\n\t\t\t\t\t<\/div>\n\n\t\n\n<\/div>\n\n\t\t<\/div>\n\n\t\t\n<style>\n#section_1746277552 {\n  padding-top: 0px;\n  padding-bottom: 0px;\n}\n<\/style>\n\t<\/section>\n\t\n\n","protected":false},"excerpt":{"rendered":"","protected":false},"author":1,"featured_media":0,"parent":0,"menu_order":0,"comment_status":"closed","ping_status":"closed","template":"page-blank.php","meta":{"footnotes":""},"class_list":["post-1184","page","type-page","status-publish","hentry"],"yoast_head":"<!-- This site is optimized with the Yoast SEO plugin v27.3 - https:\/\/yoast.com\/product\/yoast-seo-wordpress\/ -->\n<title>Nefit Industrial B.V. - MONTAGE<\/title>\n<meta name=\"robots\" content=\"index, follow, max-snippet:-1, max-image-preview:large, max-video-preview:-1\" \/>\n<link rel=\"canonical\" href=\"https:\/\/www.nefit-industrial.nl\/de\/montage-2\/\" \/>\n<meta property=\"og:locale\" content=\"de_DE\" \/>\n<meta property=\"og:type\" content=\"article\" \/>\n<meta property=\"og:title\" content=\"Nefit Industrial B.V. - MONTAGE\" \/>\n<meta property=\"og:url\" content=\"https:\/\/www.nefit-industrial.nl\/de\/montage-2\/\" \/>\n<meta property=\"og:site_name\" content=\"Nefit Industrial B.V.\" \/>\n<meta property=\"article:modified_time\" content=\"2022-11-24T10:00:19+00:00\" \/>\n<meta name=\"twitter:card\" content=\"summary_large_image\" \/>\n<meta name=\"twitter:label1\" content=\"Gesch\u00e4tzte Lesezeit\" \/>\n\t<meta name=\"twitter:data1\" content=\"1\u00a0Minute\" \/>\n<script type=\"application\/ld+json\" class=\"yoast-schema-graph\">{\"@context\":\"https:\\\/\\\/schema.org\",\"@graph\":[{\"@type\":\"WebPage\",\"@id\":\"https:\\\/\\\/www.nefit-industrial.nl\\\/de\\\/montage-2\\\/\",\"url\":\"https:\\\/\\\/www.nefit-industrial.nl\\\/de\\\/montage-2\\\/\",\"name\":\"Nefit Industrial B.V. - MONTAGE\",\"isPartOf\":{\"@id\":\"https:\\\/\\\/www.nefit-industrial.nl\\\/#website\"},\"datePublished\":\"2022-11-22T09:08:05+00:00\",\"dateModified\":\"2022-11-24T10:00:19+00:00\",\"breadcrumb\":{\"@id\":\"https:\\\/\\\/www.nefit-industrial.nl\\\/de\\\/montage-2\\\/#breadcrumb\"},\"inLanguage\":\"de\",\"potentialAction\":[{\"@type\":\"ReadAction\",\"target\":[\"https:\\\/\\\/www.nefit-industrial.nl\\\/de\\\/montage-2\\\/\"]}]},{\"@type\":\"BreadcrumbList\",\"@id\":\"https:\\\/\\\/www.nefit-industrial.nl\\\/de\\\/montage-2\\\/#breadcrumb\",\"itemListElement\":[{\"@type\":\"ListItem\",\"position\":1,\"name\":\"Home\",\"item\":\"https:\\\/\\\/www.nefit-industrial.nl\\\/de\\\/\"},{\"@type\":\"ListItem\",\"position\":2,\"name\":\"MONTAGE\"}]},{\"@type\":\"WebSite\",\"@id\":\"https:\\\/\\\/www.nefit-industrial.nl\\\/#website\",\"url\":\"https:\\\/\\\/www.nefit-industrial.nl\\\/\",\"name\":\"Nefit Industrial B.V.\",\"description\":\"\",\"publisher\":{\"@id\":\"https:\\\/\\\/www.nefit-industrial.nl\\\/#organization\"},\"potentialAction\":[{\"@type\":\"SearchAction\",\"target\":{\"@type\":\"EntryPoint\",\"urlTemplate\":\"https:\\\/\\\/www.nefit-industrial.nl\\\/?s={search_term_string}\"},\"query-input\":{\"@type\":\"PropertyValueSpecification\",\"valueRequired\":true,\"valueName\":\"search_term_string\"}}],\"inLanguage\":\"de\"},{\"@type\":\"Organization\",\"@id\":\"https:\\\/\\\/www.nefit-industrial.nl\\\/#organization\",\"name\":\"Nefit Industrial B.V.\",\"url\":\"https:\\\/\\\/www.nefit-industrial.nl\\\/\",\"logo\":{\"@type\":\"ImageObject\",\"inLanguage\":\"de\",\"@id\":\"https:\\\/\\\/www.nefit-industrial.nl\\\/#\\\/schema\\\/logo\\\/image\\\/\",\"url\":\"http:\\\/\\\/www.nefit-industrial.nl\\\/wp-content\\\/uploads\\\/2022\\\/11\\\/logo.png\",\"contentUrl\":\"http:\\\/\\\/www.nefit-industrial.nl\\\/wp-content\\\/uploads\\\/2022\\\/11\\\/logo.png\",\"width\":350,\"height\":60,\"caption\":\"Nefit Industrial B.V.\"},\"image\":{\"@id\":\"https:\\\/\\\/www.nefit-industrial.nl\\\/#\\\/schema\\\/logo\\\/image\\\/\"}}]}<\/script>\n<!-- \/ Yoast SEO plugin. -->","yoast_head_json":{"title":"Nefit Industrial B.V. - MONTAGE","robots":{"index":"index","follow":"follow","max-snippet":"max-snippet:-1","max-image-preview":"max-image-preview:large","max-video-preview":"max-video-preview:-1"},"canonical":"https:\/\/www.nefit-industrial.nl\/de\/montage-2\/","og_locale":"de_DE","og_type":"article","og_title":"Nefit Industrial B.V. - MONTAGE","og_url":"https:\/\/www.nefit-industrial.nl\/de\/montage-2\/","og_site_name":"Nefit Industrial B.V.","article_modified_time":"2022-11-24T10:00:19+00:00","twitter_card":"summary_large_image","twitter_misc":{"Gesch\u00e4tzte Lesezeit":"1\u00a0Minute"},"schema":{"@context":"https:\/\/schema.org","@graph":[{"@type":"WebPage","@id":"https:\/\/www.nefit-industrial.nl\/de\/montage-2\/","url":"https:\/\/www.nefit-industrial.nl\/de\/montage-2\/","name":"Nefit Industrial B.V. - MONTAGE","isPartOf":{"@id":"https:\/\/www.nefit-industrial.nl\/#website"},"datePublished":"2022-11-22T09:08:05+00:00","dateModified":"2022-11-24T10:00:19+00:00","breadcrumb":{"@id":"https:\/\/www.nefit-industrial.nl\/de\/montage-2\/#breadcrumb"},"inLanguage":"de","potentialAction":[{"@type":"ReadAction","target":["https:\/\/www.nefit-industrial.nl\/de\/montage-2\/"]}]},{"@type":"BreadcrumbList","@id":"https:\/\/www.nefit-industrial.nl\/de\/montage-2\/#breadcrumb","itemListElement":[{"@type":"ListItem","position":1,"name":"Home","item":"https:\/\/www.nefit-industrial.nl\/de\/"},{"@type":"ListItem","position":2,"name":"MONTAGE"}]},{"@type":"WebSite","@id":"https:\/\/www.nefit-industrial.nl\/#website","url":"https:\/\/www.nefit-industrial.nl\/","name":"Nefit Industrial B.V.","description":"","publisher":{"@id":"https:\/\/www.nefit-industrial.nl\/#organization"},"potentialAction":[{"@type":"SearchAction","target":{"@type":"EntryPoint","urlTemplate":"https:\/\/www.nefit-industrial.nl\/?s={search_term_string}"},"query-input":{"@type":"PropertyValueSpecification","valueRequired":true,"valueName":"search_term_string"}}],"inLanguage":"de"},{"@type":"Organization","@id":"https:\/\/www.nefit-industrial.nl\/#organization","name":"Nefit Industrial B.V.","url":"https:\/\/www.nefit-industrial.nl\/","logo":{"@type":"ImageObject","inLanguage":"de","@id":"https:\/\/www.nefit-industrial.nl\/#\/schema\/logo\/image\/","url":"http:\/\/www.nefit-industrial.nl\/wp-content\/uploads\/2022\/11\/logo.png","contentUrl":"http:\/\/www.nefit-industrial.nl\/wp-content\/uploads\/2022\/11\/logo.png","width":350,"height":60,"caption":"Nefit Industrial B.V."},"image":{"@id":"https:\/\/www.nefit-industrial.nl\/#\/schema\/logo\/image\/"}}]}},"_links":{"self":[{"href":"https:\/\/www.nefit-industrial.nl\/de\/wp-json\/wp\/v2\/pages\/1184","targetHints":{"allow":["GET"]}}],"collection":[{"href":"https:\/\/www.nefit-industrial.nl\/de\/wp-json\/wp\/v2\/pages"}],"about":[{"href":"https:\/\/www.nefit-industrial.nl\/de\/wp-json\/wp\/v2\/types\/page"}],"author":[{"embeddable":true,"href":"https:\/\/www.nefit-industrial.nl\/de\/wp-json\/wp\/v2\/users\/1"}],"replies":[{"embeddable":true,"href":"https:\/\/www.nefit-industrial.nl\/de\/wp-json\/wp\/v2\/comments?post=1184"}],"version-history":[{"count":2,"href":"https:\/\/www.nefit-industrial.nl\/de\/wp-json\/wp\/v2\/pages\/1184\/revisions"}],"predecessor-version":[{"id":1186,"href":"https:\/\/www.nefit-industrial.nl\/de\/wp-json\/wp\/v2\/pages\/1184\/revisions\/1186"}],"wp:attachment":[{"href":"https:\/\/www.nefit-industrial.nl\/de\/wp-json\/wp\/v2\/media?parent=1184"}],"curies":[{"name":"wp","href":"https:\/\/api.w.org\/{rel}","templated":true}]}}